{"id":364,"date":"2019-06-04T12:25:40","date_gmt":"2019-06-04T09:25:40","guid":{"rendered":"https:\/\/kasvinsuojelututkintofi-wp26621.test.cchosting.fi\/general-terms"},"modified":"2019-06-15T11:23:50","modified_gmt":"2019-06-15T08:23:50","slug":"allmanna-villkor","status":"publish","type":"page","link":"https:\/\/www.kasvinsuojelututkinto.fi\/sv\/allmanna-villkor","title":{"rendered":"Allm\u00e4nna villkor"},"content":{"rendered":"<h1>Allm\u00e4nna villkor<\/h1>\n<p><strong>Allm\u00e4nt<\/strong><\/p>\n<p>Ab Vi &amp; He Consulting Oy, FO-nummer: 2769129-4, adress: Simost\u00e5et 47, 65800 Replot; (\u201dServiceleverant\u00f6r\u201d) s\u00e4ljer v\u00e4xtskyddsexamen till privatpersoner (\u201dKunder\u201d). Dessa allm\u00e4nna villkor (\u201dVillkor\u201d) till\u00e4mpas vid alla kund best\u00e4llningar av v\u00e4xtskyddsexamen (\u201dTj\u00e4nsten\u201d) eller andra tj\u00e4nster p\u00e5 n\u00e4tsidan www.v\u00e4xtskyddsexamen.fi, www.vaxtskyddsexamen.fi, www.kasvinsuojelututkinto.fi, www.kasvinsuojeluainetutkinto.fi, www.kasvinsuojelukoulutus.fi (\u201dHemsidan\u201d) i v\u00e5r webbaff\u00e4r (\u201dWebbaff\u00e4r\u201d) eller vid andra leveranser.<\/p>\n<p>Serviceleverant\u00f6ren f\u00f6rbeh\u00e5ller sig r\u00e4tten att \u00e4ndra leveransvillkor ensidigt och d\u00e4rf\u00f6r skall Kunden l\u00e4sa igenom dessa villkor innan varje best\u00e4llning som genomf\u00f6rs vid best\u00e4llning av Tj\u00e4nster fr\u00e5n Serviceleverant\u00f6rens Webbaff\u00e4r.<\/p>\n<p><strong>Definitioner:<\/strong><\/p>\n<p>\u201dDu\u201d: eller andra motsvarande uttryck refererar till vilket som helst anv\u00e4ndaren av Tj\u00e4nsten.<\/p>\n<p>\u201dKlarna\u201d: Anv\u00e4nds av Serviceleverant\u00f6ren som betalningstj\u00e4nst f\u00f6r Tj\u00e4nsten.<\/p>\n<p>\u201dKund\u201d: eller andra motsvarande uttryck refererar till vilken som helst anv\u00e4ndaren av Tj\u00e4nsten.<\/p>\n<p>\u201dServiceleverant\u00f6r\u201d: Ab Vi &amp; He Consulting Oy, FO-nummer 2769129-4, adress: Simost\u00e5et 47, 65800 Replot.<\/p>\n<p>\u201dSidan\u201d: www.v\u00e4xtskyddsexamen.fi, www.vaxtskyddsexamen.fi, www.kasvinsuojelututkinto.fi, www.kasvinsuojeluainetutkinto.fi och www.kasvinsuojelukoulutus.fi<\/p>\n<p>\u201dSuomi.fi\u201d: anv\u00e4nds av Serviceleverant\u00f6ren f\u00f6r att starkt identifiera kunderna, som k\u00f6per Tj\u00e4nsten.<\/p>\n<p>\u201dTentamen\u201d: del av Tj\u00e4nsten, d\u00e4r kunder avl\u00e4gger omfattande eller delexamen inom v\u00e4xtskydd. F\u00f6r att Tentamen skall godk\u00e4nnas, kr\u00e4vs minst att 80% av fr\u00e5gorna \u00e4r r\u00e4ttbesvarade.<\/p>\n<p>\u201dTj\u00e4nsten\u201d: Ans\u00f6ka, avl\u00e4gga eller f\u00f6rnya en v\u00e4xtskyddsexamen via Webbaff\u00e4ren\/Sidan.<\/p>\n<p>\u201dTukes\u201d: S\u00e4kerhets- och kemikalieverket.<\/p>\n<p>\u201dVi\u201d: eller andra motsvarande uttryck refererar till Serviceleverant\u00f6ren: Ab Vi &amp; He Consulting Oy.<\/p>\n<p>\u201dVillkor\u201d: eller andra motsvarande uttryck refererar till dessa anv\u00e4ndarvillkor som \u00e4r publicerade p\u00e5 Sidan.<\/p>\n<p>\u201dV\u00e4xtskyddsexamen\u201d: \u00a0V\u00e4xtskyddexamen \u00e4r lagstadgad f\u00f6r alla anv\u00e4ndare av v\u00e4xtskyddsmedel. Dessa anv\u00e4ndare omfattar fram f\u00f6r allt: jordbrukare, skogsmaskinf\u00f6retagare, tr\u00e4dg\u00e5rdsf\u00f6retagare och f\u00f6rs\u00e4ljare av v\u00e4xtskyddsprodukter. I Webbaff\u00e4ren kan du avl\u00e4gga V\u00e4xtskyddsexamen, genom att avl\u00e4gga Tentamen. Om Tentamen godk\u00e4nns, skickas ett intyg direkt till Kundens e-postadress i PDF-format.<\/p>\n<p>\u201dWebbaff\u00e4r\u201d: Portalen som anv\u00e4nds f\u00f6r att best\u00e4lla tj\u00e4nster som omfattar digital V\u00e4xtskyddsexamen och som finns p\u00e5 www.v\u00e4xtskyddsexamen.fi, www.vaxtskyddsexamen.fi, www.kasvinsuojelututkinto.fi, www.kasvinsuojeluainetutkinto.fi och www.kasvinsuojelukoulutus.fi.<\/p>\n<p><strong>Tj\u00e4nster och priser<\/strong><\/p>\n<p>Tj\u00e4nsternas egenskaper och priser presenteras i Webbaff\u00e4ren. Vi f\u00f6rbeh\u00e5ller oss r\u00e4tten att \u00e4ndra tj\u00e4nsternas priser. Egentliga priser inkluderar moms (24%) och du kan se momsbeloppet i Klarnas betalsystem.<\/p>\n<p><strong>Best\u00e4llning och avtal<\/strong><\/p>\n<p>Du kan best\u00e4lla Tj\u00e4nsten fr\u00e5n Webbaff\u00e4ren genom att identifiera dig via Suomi.fi, betala f\u00f6r Tj\u00e4nsten via Klarna och avl\u00e4gga antingen omfattande eller begr\u00e4nsad v\u00e4xtskyddsexamen. Om din examen godk\u00e4nns, dvs. Du f\u00e5r minst 80% r\u00e4tt av examensfr\u00e5gorna, skickas ett examensintyg till Din angivna e-postadress.<\/p>\n<p>N\u00e4r du genomf\u00f6r en best\u00e4llning i webbutiken finns kravet att du l\u00e4ser igenom och accepterar de allm\u00e4nna villkoren som g\u00e4ller vid ordertillf\u00e4llet. En bekr\u00e4ftad best\u00e4llning som accepterats av oss \u00e4r bindande och skapar ett avtal enligt dessa villkor.<\/p>\n<p><strong>Serviceniv\u00e5<\/strong><\/p>\n<p>Serviceleverant\u00f6ren ska g\u00f6ra allt som rimligt kan f\u00f6rv\u00e4ntas f\u00f6r att kunna uppfylla skyldigheterna. Serviceleverant\u00f6ren \u00e4r beroende av andra sidotj\u00e4nster som den inte sj\u00e4lv representerar, som till exempel Suomi.fi och Klarna.fi -n\u00e4tsidorna som den anv\u00e4nder f\u00f6r att identifiera kunder och som betalningsleverant\u00f6r. Om det framkommer serviceavbrott kan det p\u00e5verka Serviceleverant\u00f6ren och Serviceleverant\u00f6ren ansvarar ej vid s\u00e5dana f\u00f6rdr\u00f6jningar.<\/p>\n<p>Serviceleverant\u00f6ren garanterar inte att Tj\u00e4nsten fungerar och \u00e4r anv\u00e4ndbar under avbrott eller fel. Tj\u00e4nsten kan avbrytas p\u00e5 grund av service, uppdateringar eller system- eller n\u00e4tverks fel. Serviceleverant\u00f6ren efterstr\u00e4var att meddela om m\u00f6jliga avbrott och f\u00f6rdr\u00f6jningar p\u00e5 sin Sida och per e-post till de Kunder vars best\u00e4llningar hanteras just d\u00e5.<\/p>\n<p><strong>Leverans och leveranstid<\/strong><\/p>\n<p>Intyget av v\u00e4xtskyddsexamen levereras alltid genast till Kundens angivna e-postadress i PDF-format, om Kunden f\u00e5tt minst 80% r\u00e4tt i Tentamen.<\/p>\n<p><strong>Best\u00e4llning och avtal<\/strong><\/p>\n<p>Du kan best\u00e4lla tj\u00e4nster i v\u00e5r Webbaff\u00e4r genom att v\u00e4lja Tj\u00e4nsten, identifiera dig via Suomi.fi, betala Tj\u00e4nsten via Klarna och slutligen avl\u00e4gga Tentamen. N\u00e4r du best\u00e4ller i v\u00e5r Webbaff\u00e4r, f\u00f6rv\u00e4ntas att du har bekantat dig med och godk\u00e4nt v\u00e5ra giltiga Villkor. Kunden f\u00f6rst\u00e5r att godk\u00e4nd och betald best\u00e4llning \u00e4r bindande och formar ett avtal enligt dessa Villkor mellan Kunden och Serviceleverant\u00f6ren.<\/p>\n<p>N\u00e4r Kunden best\u00e4ller Tj\u00e4nster:<\/p>\n<ul>\n<li>F\u00f6rs\u00e4krar Kunden att Kunden har bekantat sig med utbildningsmaterialet.<\/li>\n<li>Kunden till\u00e5ter att Vi anv\u00e4nder stark identifiering via Suomi.fi.<\/li>\n<li>Kunden till\u00e5ter att Vi anv\u00e4nder och f\u00f6rmedlar angivna personuppgifter till Tukes, f\u00f6r Kunder med godk\u00e4nd Tentamen.<\/li>\n<li>Kunden binder sig till och agerar enligt dessa villkor och tvingande lagstiftning i all sin handling och funktion som r\u00f6r sig Tj\u00e4nsten.<\/li>\n<\/ul>\n<p><strong>Betalning och betalningss\u00e4tt<\/strong><\/p>\n<p>Best\u00e4llning p\u00e5 det s\u00e4tt som beskrivs och betalas i Klarna, integrerad i Webbaff\u00e4ren.<\/p>\n<p><strong>Best\u00e4llnings- och betalningsbekr\u00e4ftelse<\/strong><\/p>\n<p>Efter lyckad best\u00e4llning, f\u00e5r Kunden ett intyg \u00f6ver erlagt v\u00e4xtskyddsexamen skickad till sin e-post.<\/p>\n<p>\u00c4ven betalningss\u00e4tt bekr\u00e4ftas i best\u00e4llningsbekr\u00e4ftelsen.<\/p>\n<p>Om vi p\u00e5 grund av of\u00f6rv\u00e4ntad anledning inte bekr\u00e4ftar din best\u00e4llning automatiskt, skall vi meddela om det s\u00e5 snart som m\u00f6jligt.<\/p>\n<p><strong>\u00c5ngerr\u00e4tt<\/strong><\/p>\n<p>Tj\u00e4nster som best\u00e4lls via Webbaff\u00e4ren har ingen \u00e5ngerr\u00e4tt.<\/p>\n<p>Om tj\u00e4nsten inte kan leverera, p\u00e5 grund av t.ex. bristf\u00e4llig information, kommer kostnader inte\u00a0att \u00e5terbetalas. Man har dock m\u00f6jlighet att korrigera bristf\u00e4llig information, som \u00f6verenskoms separat.<\/p>\n<p><strong>Kundtj\u00e4nst<\/strong><\/p>\n<p>V\u00e5r personal hj\u00e4lper g\u00e4rna till och svarar p\u00e5 eventuella fr\u00e5gor ang\u00e5ende din best\u00e4llning, s\u00e5 tveka inte att kontakta oss via v\u00e5r e-post:<\/p>\n<p>viktor.ostman@icloud.com<\/p>\n<p><strong>Begr\u00e4nsning av ansvar<\/strong><\/p>\n<p>Serviceleverant\u00f6ren \u00e4r inte ansvarig f\u00f6r direkt, indirekt eller f\u00f6r annan skada relaterad till eller till f\u00f6ljd av best\u00e4llning, leverans eller produkt, utom f\u00f6r de best\u00e4mmelser som g\u00e4ller enligt konsumentk\u00f6plagen eller annan relevant lag.<\/p>\n<p><strong>Tvister<\/strong><\/p>\n<p>I de fall d\u00e4r det uppst\u00e5r en tvist ang\u00e5ende en best\u00e4llning \u00f6nskar vi kunna l\u00f6sa det i f\u00f6rsta hand tillsammans med dig. Vi ber dig d\u00e4rf\u00f6r att kontakta v\u00e5r Kundservice vid s\u00e5dana fall s\u00e5 att vi tillsammans kan f\u00f6rs\u00f6ka l\u00f6sa problemet.<\/p>\n<p><strong>Diskrepanser mellan olika spr\u00e5kversioner<\/strong><\/p>\n<p>I fall det finns diskrepanser mellan olika spr\u00e5kversioner av dessa Villkor, skall den svenska versionen lydas.<\/p>\n","protected":false},"excerpt":{"rendered":"<p>Allm\u00e4nna villkor Allm\u00e4nt Ab Vi &amp; He Consulting Oy, FO-nummer: 2769129-4, adress: Simost\u00e5et 47, 65800 Replot; (\u201dServiceleverant\u00f6r\u201d) s\u00e4ljer v\u00e4xtskyddsexamen till privatpersoner (\u201dKunder\u201d). Dessa allm\u00e4nna villkor (\u201dVillkor\u201d) till\u00e4mpas vid alla kund best\u00e4llningar av v\u00e4xtskyddsexamen (\u201dTj\u00e4nsten\u201d) eller andra tj\u00e4nster p\u00e5 n\u00e4tsidan www.v\u00e4xtskyddsexamen.fi, www.vaxtskyddsexamen.fi, www.kasvinsuojelututkinto.fi, www.kasvinsuojeluainetutkinto.fi, www.kasvinsuojelukoulutus.fi (\u201dHemsidan\u201d) i v\u00e5r webbaff\u00e4r (\u201dWebbaff\u00e4r\u201d) eller vid andra leveranser. Serviceleverant\u00f6ren f\u00f6rbeh\u00e5ller [&hellip;]<\/p>\n","protected":false},"author":1,"featured_media":0,"parent":0,"menu_order":0,"comment_status":"closed","ping_status":"closed","template":"","meta":{"_acf_changed":false,"footnotes":""},"class_list":["post-364","page","type-page","status-publish","hentry"],"acf":[],"yoast_head":"<!-- This site is optimized with the Yoast SEO plugin v27.4 - https:\/\/yoast.com\/product\/yoast-seo-wordpress\/ -->\n<title>Allm\u00e4nna villkor - V\u00e4xtskyddsexamen<\/title>\n<meta name=\"robots\" content=\"index, follow, max-snippet:-1, max-image-preview:large, max-video-preview:-1\" \/>\n<link rel=\"canonical\" href=\"https:\/\/www.kasvinsuojelututkinto.fi\/yleiset-ehdot\" \/>\n<meta property=\"og:locale\" content=\"sv_SE\" \/>\n<meta property=\"og:type\" content=\"article\" \/>\n<meta property=\"og:title\" content=\"Allm\u00e4nna villkor - V\u00e4xtskyddsexamen\" \/>\n<meta property=\"og:description\" content=\"Allm\u00e4nna villkor Allm\u00e4nt Ab Vi &amp; He Consulting Oy, FO-nummer: 2769129-4, adress: Simost\u00e5et 47, 65800 Replot; (\u201dServiceleverant\u00f6r\u201d) s\u00e4ljer v\u00e4xtskyddsexamen till privatpersoner (\u201dKunder\u201d). Dessa allm\u00e4nna villkor (\u201dVillkor\u201d) till\u00e4mpas vid alla kund best\u00e4llningar av v\u00e4xtskyddsexamen (\u201dTj\u00e4nsten\u201d) eller andra tj\u00e4nster p\u00e5 n\u00e4tsidan www.v\u00e4xtskyddsexamen.fi, www.vaxtskyddsexamen.fi, www.kasvinsuojelututkinto.fi, www.kasvinsuojeluainetutkinto.fi, www.kasvinsuojelukoulutus.fi (\u201dHemsidan\u201d) i v\u00e5r webbaff\u00e4r (\u201dWebbaff\u00e4r\u201d) eller vid andra leveranser. Serviceleverant\u00f6ren f\u00f6rbeh\u00e5ller [&hellip;]\" \/>\n<meta property=\"og:url\" content=\"https:\/\/www.kasvinsuojelututkinto.fi\/yleiset-ehdot\" \/>\n<meta property=\"og:site_name\" content=\"V\u00e4xtskyddsexamen\" \/>\n<meta property=\"article:modified_time\" content=\"2019-06-15T08:23:50+00:00\" \/>\n<meta name=\"twitter:card\" content=\"summary_large_image\" \/>\n<meta name=\"twitter:label1\" content=\"Est. reading time\" \/>\n\t<meta name=\"twitter:data1\" content=\"6 minutes\" \/>\n<script type=\"application\/ld+json\" class=\"yoast-schema-graph\">{\"@context\":\"https:\\\/\\\/schema.org\",\"@graph\":[{\"@type\":\"WebPage\",\"@id\":\"https:\\\/\\\/www.kasvinsuojelututkinto.fi\\\/yleiset-ehdot\",\"url\":\"https:\\\/\\\/www.kasvinsuojelututkinto.fi\\\/yleiset-ehdot\",\"name\":\"Allm\u00e4nna villkor - V\u00e4xtskyddsexamen\",\"isPartOf\":{\"@id\":\"https:\\\/\\\/www.kasvinsuojelututkinto.fi\\\/#website\"},\"datePublished\":\"2019-06-04T09:25:40+00:00\",\"dateModified\":\"2019-06-15T08:23:50+00:00\",\"breadcrumb\":{\"@id\":\"https:\\\/\\\/www.kasvinsuojelututkinto.fi\\\/yleiset-ehdot#breadcrumb\"},\"inLanguage\":\"sv-SE\",\"potentialAction\":[{\"@type\":\"ReadAction\",\"target\":[\"https:\\\/\\\/www.kasvinsuojelututkinto.fi\\\/yleiset-ehdot\"]}]},{\"@type\":\"BreadcrumbList\",\"@id\":\"https:\\\/\\\/www.kasvinsuojelututkinto.fi\\\/yleiset-ehdot#breadcrumb\",\"itemListElement\":[{\"@type\":\"ListItem\",\"position\":1,\"name\":\"Etusivu\",\"item\":\"https:\\\/\\\/www.kasvinsuojelututkinto.fi\\\/sv\"},{\"@type\":\"ListItem\",\"position\":2,\"name\":\"Allm\u00e4nna villkor\"}]},{\"@type\":\"WebSite\",\"@id\":\"https:\\\/\\\/www.kasvinsuojelututkinto.fi\\\/#website\",\"url\":\"https:\\\/\\\/www.kasvinsuojelututkinto.fi\\\/\",\"name\":\"V\u00e4xtskyddsexamen\",\"description\":\"\",\"publisher\":{\"@id\":\"https:\\\/\\\/www.kasvinsuojelututkinto.fi\\\/#organization\"},\"potentialAction\":[{\"@type\":\"SearchAction\",\"target\":{\"@type\":\"EntryPoint\",\"urlTemplate\":\"https:\\\/\\\/www.kasvinsuojelututkinto.fi\\\/?s={search_term_string}\"},\"query-input\":{\"@type\":\"PropertyValueSpecification\",\"valueRequired\":true,\"valueName\":\"search_term_string\"}}],\"inLanguage\":\"sv-SE\"},{\"@type\":\"Organization\",\"@id\":\"https:\\\/\\\/www.kasvinsuojelututkinto.fi\\\/#organization\",\"name\":\"V\u00e4xtskyddsexamen\",\"url\":\"https:\\\/\\\/www.kasvinsuojelututkinto.fi\\\/\",\"logo\":{\"@type\":\"ImageObject\",\"inLanguage\":\"sv-SE\",\"@id\":\"https:\\\/\\\/www.kasvinsuojelututkinto.fi\\\/#\\\/schema\\\/logo\\\/image\\\/\",\"url\":\"https:\\\/\\\/www.kasvinsuojelututkinto.fi\\\/wp-content\\\/uploads\\\/2024\\\/07\\\/Logo.svg\",\"contentUrl\":\"https:\\\/\\\/www.kasvinsuojelututkinto.fi\\\/wp-content\\\/uploads\\\/2024\\\/07\\\/Logo.svg\",\"caption\":\"V\u00e4xtskyddsexamen\"},\"image\":{\"@id\":\"https:\\\/\\\/www.kasvinsuojelututkinto.fi\\\/#\\\/schema\\\/logo\\\/image\\\/\"}}]}<\/script>\n<!-- \/ Yoast SEO plugin. -->","yoast_head_json":{"title":"Allm\u00e4nna villkor - V\u00e4xtskyddsexamen","robots":{"index":"index","follow":"follow","max-snippet":"max-snippet:-1","max-image-preview":"max-image-preview:large","max-video-preview":"max-video-preview:-1"},"canonical":"https:\/\/www.kasvinsuojelututkinto.fi\/yleiset-ehdot","og_locale":"sv_SE","og_type":"article","og_title":"Allm\u00e4nna villkor - V\u00e4xtskyddsexamen","og_description":"Allm\u00e4nna villkor Allm\u00e4nt Ab Vi &amp; He Consulting Oy, FO-nummer: 2769129-4, adress: Simost\u00e5et 47, 65800 Replot; (\u201dServiceleverant\u00f6r\u201d) s\u00e4ljer v\u00e4xtskyddsexamen till privatpersoner (\u201dKunder\u201d). Dessa allm\u00e4nna villkor (\u201dVillkor\u201d) till\u00e4mpas vid alla kund best\u00e4llningar av v\u00e4xtskyddsexamen (\u201dTj\u00e4nsten\u201d) eller andra tj\u00e4nster p\u00e5 n\u00e4tsidan www.v\u00e4xtskyddsexamen.fi, www.vaxtskyddsexamen.fi, www.kasvinsuojelututkinto.fi, www.kasvinsuojeluainetutkinto.fi, www.kasvinsuojelukoulutus.fi (\u201dHemsidan\u201d) i v\u00e5r webbaff\u00e4r (\u201dWebbaff\u00e4r\u201d) eller vid andra leveranser. Serviceleverant\u00f6ren f\u00f6rbeh\u00e5ller [&hellip;]","og_url":"https:\/\/www.kasvinsuojelututkinto.fi\/yleiset-ehdot","og_site_name":"V\u00e4xtskyddsexamen","article_modified_time":"2019-06-15T08:23:50+00:00","twitter_card":"summary_large_image","twitter_misc":{"Est. reading time":"6 minutes"},"schema":{"@context":"https:\/\/schema.org","@graph":[{"@type":"WebPage","@id":"https:\/\/www.kasvinsuojelututkinto.fi\/yleiset-ehdot","url":"https:\/\/www.kasvinsuojelututkinto.fi\/yleiset-ehdot","name":"Allm\u00e4nna villkor - V\u00e4xtskyddsexamen","isPartOf":{"@id":"https:\/\/www.kasvinsuojelututkinto.fi\/#website"},"datePublished":"2019-06-04T09:25:40+00:00","dateModified":"2019-06-15T08:23:50+00:00","breadcrumb":{"@id":"https:\/\/www.kasvinsuojelututkinto.fi\/yleiset-ehdot#breadcrumb"},"inLanguage":"sv-SE","potentialAction":[{"@type":"ReadAction","target":["https:\/\/www.kasvinsuojelututkinto.fi\/yleiset-ehdot"]}]},{"@type":"BreadcrumbList","@id":"https:\/\/www.kasvinsuojelututkinto.fi\/yleiset-ehdot#breadcrumb","itemListElement":[{"@type":"ListItem","position":1,"name":"Etusivu","item":"https:\/\/www.kasvinsuojelututkinto.fi\/sv"},{"@type":"ListItem","position":2,"name":"Allm\u00e4nna villkor"}]},{"@type":"WebSite","@id":"https:\/\/www.kasvinsuojelututkinto.fi\/#website","url":"https:\/\/www.kasvinsuojelututkinto.fi\/","name":"V\u00e4xtskyddsexamen","description":"","publisher":{"@id":"https:\/\/www.kasvinsuojelututkinto.fi\/#organization"},"potentialAction":[{"@type":"SearchAction","target":{"@type":"EntryPoint","urlTemplate":"https:\/\/www.kasvinsuojelututkinto.fi\/?s={search_term_string}"},"query-input":{"@type":"PropertyValueSpecification","valueRequired":true,"valueName":"search_term_string"}}],"inLanguage":"sv-SE"},{"@type":"Organization","@id":"https:\/\/www.kasvinsuojelututkinto.fi\/#organization","name":"V\u00e4xtskyddsexamen","url":"https:\/\/www.kasvinsuojelututkinto.fi\/","logo":{"@type":"ImageObject","inLanguage":"sv-SE","@id":"https:\/\/www.kasvinsuojelututkinto.fi\/#\/schema\/logo\/image\/","url":"https:\/\/www.kasvinsuojelututkinto.fi\/wp-content\/uploads\/2024\/07\/Logo.svg","contentUrl":"https:\/\/www.kasvinsuojelututkinto.fi\/wp-content\/uploads\/2024\/07\/Logo.svg","caption":"V\u00e4xtskyddsexamen"},"image":{"@id":"https:\/\/www.kasvinsuojelututkinto.fi\/#\/schema\/logo\/image\/"}}]}},"_links":{"self":[{"href":"https:\/\/www.kasvinsuojelututkinto.fi\/sv\/wp-json\/wp\/v2\/pages\/364","targetHints":{"allow":["GET"]}}],"collection":[{"href":"https:\/\/www.kasvinsuojelututkinto.fi\/sv\/wp-json\/wp\/v2\/pages"}],"about":[{"href":"https:\/\/www.kasvinsuojelututkinto.fi\/sv\/wp-json\/wp\/v2\/types\/page"}],"author":[{"embeddable":true,"href":"https:\/\/www.kasvinsuojelututkinto.fi\/sv\/wp-json\/wp\/v2\/users\/1"}],"replies":[{"embeddable":true,"href":"https:\/\/www.kasvinsuojelututkinto.fi\/sv\/wp-json\/wp\/v2\/comments?post=364"}],"version-history":[{"count":0,"href":"https:\/\/www.kasvinsuojelututkinto.fi\/sv\/wp-json\/wp\/v2\/pages\/364\/revisions"}],"wp:attachment":[{"href":"https:\/\/www.kasvinsuojelututkinto.fi\/sv\/wp-json\/wp\/v2\/media?parent=364"}],"curies":[{"name":"wp","href":"https:\/\/api.w.org\/{rel}","templated":true}]}}