{"id":12424,"date":"2024-07-15T12:51:42","date_gmt":"2024-07-15T09:51:42","guid":{"rendered":"https:\/\/www.kasvinsuojelututkinto.fi\/om-ossw"},"modified":"2024-08-24T10:38:58","modified_gmt":"2024-08-24T07:38:58","slug":"om-oss","status":"publish","type":"page","link":"https:\/\/www.kasvinsuojelututkinto.fi\/sv\/om-oss","title":{"rendered":"Om oss"},"content":{"rendered":"\t\t<div data-elementor-type=\"wp-page\" data-elementor-id=\"12424\" class=\"elementor elementor-12424 elementor-12029\" data-elementor-post-type=\"page\">\n\t\t\t\t<div class=\"elementor-element elementor-element-7210fe9 e-flex e-con-boxed e-con e-parent\" data-id=\"7210fe9\" data-element_type=\"container\" data-e-type=\"container\">\n\t\t\t\t\t<div class=\"e-con-inner\">\n\t\t<div class=\"elementor-element elementor-element-eed457e e-con-full e-flex e-con e-child\" data-id=\"eed457e\" data-element_type=\"container\" data-e-type=\"container\" data-settings=\"{&quot;background_background&quot;:&quot;classic&quot;}\">\n\t\t\t\t<\/div>\n\t\t\t\t\t<\/div>\n\t\t\t\t<\/div>\n\t\t<div class=\"elementor-element elementor-element-0184a47 e-flex e-con-boxed e-con e-parent\" data-id=\"0184a47\" data-element_type=\"container\" data-e-type=\"container\">\n\t\t\t\t\t<div class=\"e-con-inner\">\n\t\t<div class=\"elementor-element elementor-element-5d6f8bf e-con-full e-flex e-con e-child\" data-id=\"5d6f8bf\" data-element_type=\"container\" data-e-type=\"container\">\n\t\t\t\t<div class=\"elementor-element elementor-element-6d3efd5 elementor-widget elementor-widget-breadcrumbs\" data-id=\"6d3efd5\" data-element_type=\"widget\" data-e-type=\"widget\" data-widget_type=\"breadcrumbs.default\">\n\t\t\t\t<div class=\"elementor-widget-container\">\n\t\t\t\t\t<p id=\"breadcrumbs\"><span><span><a href=\"https:\/\/www.kasvinsuojelututkinto.fi\/sv\">Etusivu<\/a><\/span><\/span><\/p>\t\t\t\t<\/div>\n\t\t\t\t<\/div>\n\t\t\t\t<div class=\"elementor-element elementor-element-cdeef36 elementor-widget elementor-widget-heading\" data-id=\"cdeef36\" data-element_type=\"widget\" data-e-type=\"widget\" data-widget_type=\"heading.default\">\n\t\t\t\t<div class=\"elementor-widget-container\">\n\t\t\t\t\t<h2 class=\"elementor-heading-title elementor-size-default\">V\u00e4xtskyddsexamen.fi<\/h2>\t\t\t\t<\/div>\n\t\t\t\t<\/div>\n\t\t\t\t<div class=\"elementor-element elementor-element-6a5d0d3 elementor-widget elementor-widget-text-editor\" data-id=\"6a5d0d3\" data-element_type=\"widget\" data-e-type=\"widget\" data-widget_type=\"text-editor.default\">\n\t\t\t\t<div class=\"elementor-widget-container\">\n\t\t\t\t\t\t\t\t\t<p>Bakom varje tj\u00e4nst finns en intressant id\u00e9. Id\u00e9n bakom V\u00e4xtskyddsexamen.fi var att underl\u00e4tta processen f\u00f6r privatpersoner att avl\u00e4gga v\u00e4xtskyddsexamen, som \u00e4r en lagstadgad examen f\u00f6r professionella anv\u00e4ndare av v\u00e4xtskyddsmedel i Finland.<\/p>\n<h3>Hur g\u00e5r det till d\u00e5 man avl\u00e4gger v\u00e4xtskyddsexamen digitalt?<\/h3>\n<p>V\u00e4xtskyddsexamen.fi har gjort det s\u00e5 smidigt som m\u00f6jligt f\u00f6r er att avl\u00e4gga v\u00e4xtskyddsexamen genom fem olika steg:<\/p>\n<ol>\n<li>Ni bekr\u00e4ftar att ni studerat tentamensmaterialet, som finns p\u00e5 S\u00e4kerhets- och Kemikalieverkets (Tukes) hemsida, har studerats<\/li>\n<li>Ni identifierar er via Suomi.fi med bankkoder<\/li>\n<li>Ni betalar f\u00f6r avl\u00e4ggandet av v\u00e4xtskyddsexamen via Klarnas betaltj\u00e4nst<\/li>\n<li>Ni avl\u00e4gger antingen den omfattande eller begr\u00e4nsade tentamen<\/li>\n<li>Ni erh\u00e5ller ett intyg \u00f6ver avlagd v\u00e4xtskyddsexamen per e-post n\u00e4r tentamen \u00e4r godk\u00e4nd. F\u00f6r godk\u00e4nnande kr\u00e4vs 80 procent r\u00e4tta svar.<\/li>\n<\/ol>\n<p>Mera information om v\u00e4xtskyddsexamen finns att l\u00e4sa p\u00e5&nbsp;<a href=\"https:\/\/tukes.fi\/kasvinsuojeluainetutkinto\">S\u00e4kerhets- och Kemikalieverkets (Tukes) hemsida<\/a>. D\u00e4r hittar ni dessutom allt utbildningsmaterial, som ni b\u00f6r studera innan ni avl\u00e4gger examen.<\/p>\n<h3>Vem st\u00e5r bakom V\u00e4xtskyddsexamen.fi?<\/h3>\n<p>Utvecklare av V\u00e4xtskyddsexamen.fi \u00e4r f\u00f6retaget Vi &amp; He Consulting, som grundades under 2016 av Viktor och Henrik \u00d6stman. De erbjuder experttj\u00e4nster inom ekonomi och skogsbruk samt har b\u00e4gge en l\u00e5ng erfarenhet av aff\u00e4rsverksamhet och digitala system. Nedan finner ni en kort beskrivning av Viktors och Henriks erfarenheter:<\/p>\n<p><a href=\"https:\/\/www.linkedin.com\/in\/viktor-%C3%B6stman-9703bab2\/\"><strong>Viktor \u00d6stman, Verkst\u00e4llande Direkt\u00f6r (VD)<\/strong><\/a><\/p>\n<p>Viktor \u00d6stman jobbar som bolagets Verkst\u00e4llande Direkt\u00f6r (VD). Han har \u00e4ven erfarenhet fr\u00e5n andra VD uppdrag i flertalet mindre start-up bolag. Till yrket \u00e4r Viktor utbildad ekonom och har ut\u00f6ver de olika VD uppdragen, en gedigen internationell erfarenhet fr\u00e5n b\u00e5de investeringsverksamhet och transaktionsr\u00e5dgivning. Som VD \u00e4r Viktors st\u00f6rsta uppgifter att utveckla verksamheten, sk\u00f6ta om de finansiella uppgifterna och driva \u00f6vriga VD relaterade uppgifter.<\/p>\n<p>Som examinatorer fungerar Henrik \u00d6stman och Elina Iham\u00e4ki-N\u00e4rkki.<\/p>\n<h3>Hur skall vi kontakta er?<\/h3>\n<div>\n<p>Om ni har n\u00e5gra fr\u00e5gor kring hur avl\u00e4ggandet av v\u00e4xtskyddsexamen g\u00e5r till eller allm\u00e4nt om V\u00e4xtskyddsexamen.fi, tveka inte att kontakta oss via v\u00e5r kundtj\u00e4nst p\u00e5: <a href=\"mailto:info@kasvinsuojeluainetutkinto.fi\">info@kasvinsuojeluainetutkinto.fi<\/a><\/p>\n<\/div>\t\t\t\t\t\t\t\t<\/div>\n\t\t\t\t<\/div>\n\t\t\t\t<\/div>\n\t\t\t\t\t<\/div>\n\t\t\t\t<\/div>\n\t\t\t\t<\/div>\n\t\t","protected":false},"excerpt":{"rendered":"<p>V\u00e4xtskyddsexamen.fi Bakom varje tj\u00e4nst finns en intressant id\u00e9. Id\u00e9n bakom V\u00e4xtskyddsexamen.fi var att underl\u00e4tta processen f\u00f6r privatpersoner att avl\u00e4gga v\u00e4xtskyddsexamen, som \u00e4r en lagstadgad examen f\u00f6r professionella anv\u00e4ndare av v\u00e4xtskyddsmedel i Finland. Hur g\u00e5r det till d\u00e5 man avl\u00e4gger v\u00e4xtskyddsexamen digitalt? V\u00e4xtskyddsexamen.fi har gjort det s\u00e5 smidigt som m\u00f6jligt f\u00f6r er att avl\u00e4gga v\u00e4xtskyddsexamen genom [&hellip;]<\/p>\n","protected":false},"author":41,"featured_media":0,"parent":0,"menu_order":0,"comment_status":"closed","ping_status":"closed","template":"","meta":{"_acf_changed":false,"footnotes":""},"class_list":["post-12424","page","type-page","status-publish","hentry"],"acf":[],"yoast_head":"<!-- This site is optimized with the Yoast SEO plugin v27.4 - https:\/\/yoast.com\/product\/yoast-seo-wordpress\/ -->\n<title>Om oss - V\u00e4xtskyddsexamen<\/title>\n<meta name=\"robots\" content=\"index, follow, max-snippet:-1, max-image-preview:large, max-video-preview:-1\" \/>\n<link rel=\"canonical\" href=\"https:\/\/www.kasvinsuojelututkinto.fi\/sv\/om-oss\" \/>\n<meta property=\"og:locale\" content=\"sv_SE\" \/>\n<meta property=\"og:type\" content=\"article\" \/>\n<meta property=\"og:title\" content=\"Om oss - V\u00e4xtskyddsexamen\" \/>\n<meta property=\"og:description\" content=\"V\u00e4xtskyddsexamen.fi Bakom varje tj\u00e4nst finns en intressant id\u00e9. Id\u00e9n bakom V\u00e4xtskyddsexamen.fi var att underl\u00e4tta processen f\u00f6r privatpersoner att avl\u00e4gga v\u00e4xtskyddsexamen, som \u00e4r en lagstadgad examen f\u00f6r professionella anv\u00e4ndare av v\u00e4xtskyddsmedel i Finland. Hur g\u00e5r det till d\u00e5 man avl\u00e4gger v\u00e4xtskyddsexamen digitalt? V\u00e4xtskyddsexamen.fi har gjort det s\u00e5 smidigt som m\u00f6jligt f\u00f6r er att avl\u00e4gga v\u00e4xtskyddsexamen genom [&hellip;]\" \/>\n<meta property=\"og:url\" content=\"https:\/\/www.kasvinsuojelututkinto.fi\/sv\/om-oss\" \/>\n<meta property=\"og:site_name\" content=\"V\u00e4xtskyddsexamen\" \/>\n<meta property=\"article:modified_time\" content=\"2024-08-24T07:38:58+00:00\" \/>\n<meta name=\"twitter:card\" content=\"summary_large_image\" \/>\n<meta name=\"twitter:label1\" content=\"Est. reading time\" \/>\n\t<meta name=\"twitter:data1\" content=\"2 minutes\" \/>\n<script type=\"application\/ld+json\" class=\"yoast-schema-graph\">{\"@context\":\"https:\\\/\\\/schema.org\",\"@graph\":[{\"@type\":\"WebPage\",\"@id\":\"https:\\\/\\\/www.kasvinsuojelututkinto.fi\\\/sv\\\/om-oss\",\"url\":\"https:\\\/\\\/www.kasvinsuojelututkinto.fi\\\/sv\\\/om-oss\",\"name\":\"Om oss - V\u00e4xtskyddsexamen\",\"isPartOf\":{\"@id\":\"https:\\\/\\\/www.kasvinsuojelututkinto.fi\\\/#website\"},\"datePublished\":\"2024-07-15T09:51:42+00:00\",\"dateModified\":\"2024-08-24T07:38:58+00:00\",\"breadcrumb\":{\"@id\":\"https:\\\/\\\/www.kasvinsuojelututkinto.fi\\\/sv\\\/om-oss#breadcrumb\"},\"inLanguage\":\"sv-SE\",\"potentialAction\":[{\"@type\":\"ReadAction\",\"target\":[\"https:\\\/\\\/www.kasvinsuojelututkinto.fi\\\/sv\\\/om-oss\"]}]},{\"@type\":\"BreadcrumbList\",\"@id\":\"https:\\\/\\\/www.kasvinsuojelututkinto.fi\\\/sv\\\/om-oss#breadcrumb\",\"itemListElement\":[{\"@type\":\"ListItem\",\"position\":1,\"name\":\"Etusivu\",\"item\":\"https:\\\/\\\/www.kasvinsuojelututkinto.fi\\\/sv\"},{\"@type\":\"ListItem\",\"position\":2,\"name\":\"Om oss\"}]},{\"@type\":\"WebSite\",\"@id\":\"https:\\\/\\\/www.kasvinsuojelututkinto.fi\\\/#website\",\"url\":\"https:\\\/\\\/www.kasvinsuojelututkinto.fi\\\/\",\"name\":\"V\u00e4xtskyddsexamen\",\"description\":\"\",\"publisher\":{\"@id\":\"https:\\\/\\\/www.kasvinsuojelututkinto.fi\\\/#organization\"},\"potentialAction\":[{\"@type\":\"SearchAction\",\"target\":{\"@type\":\"EntryPoint\",\"urlTemplate\":\"https:\\\/\\\/www.kasvinsuojelututkinto.fi\\\/?s={search_term_string}\"},\"query-input\":{\"@type\":\"PropertyValueSpecification\",\"valueRequired\":true,\"valueName\":\"search_term_string\"}}],\"inLanguage\":\"sv-SE\"},{\"@type\":\"Organization\",\"@id\":\"https:\\\/\\\/www.kasvinsuojelututkinto.fi\\\/#organization\",\"name\":\"V\u00e4xtskyddsexamen\",\"url\":\"https:\\\/\\\/www.kasvinsuojelututkinto.fi\\\/\",\"logo\":{\"@type\":\"ImageObject\",\"inLanguage\":\"sv-SE\",\"@id\":\"https:\\\/\\\/www.kasvinsuojelututkinto.fi\\\/#\\\/schema\\\/logo\\\/image\\\/\",\"url\":\"https:\\\/\\\/www.kasvinsuojelututkinto.fi\\\/wp-content\\\/uploads\\\/2024\\\/07\\\/Logo.svg\",\"contentUrl\":\"https:\\\/\\\/www.kasvinsuojelututkinto.fi\\\/wp-content\\\/uploads\\\/2024\\\/07\\\/Logo.svg\",\"caption\":\"V\u00e4xtskyddsexamen\"},\"image\":{\"@id\":\"https:\\\/\\\/www.kasvinsuojelututkinto.fi\\\/#\\\/schema\\\/logo\\\/image\\\/\"}}]}<\/script>\n<!-- \/ Yoast SEO plugin. -->","yoast_head_json":{"title":"Om oss - V\u00e4xtskyddsexamen","robots":{"index":"index","follow":"follow","max-snippet":"max-snippet:-1","max-image-preview":"max-image-preview:large","max-video-preview":"max-video-preview:-1"},"canonical":"https:\/\/www.kasvinsuojelututkinto.fi\/sv\/om-oss","og_locale":"sv_SE","og_type":"article","og_title":"Om oss - V\u00e4xtskyddsexamen","og_description":"V\u00e4xtskyddsexamen.fi Bakom varje tj\u00e4nst finns en intressant id\u00e9. Id\u00e9n bakom V\u00e4xtskyddsexamen.fi var att underl\u00e4tta processen f\u00f6r privatpersoner att avl\u00e4gga v\u00e4xtskyddsexamen, som \u00e4r en lagstadgad examen f\u00f6r professionella anv\u00e4ndare av v\u00e4xtskyddsmedel i Finland. Hur g\u00e5r det till d\u00e5 man avl\u00e4gger v\u00e4xtskyddsexamen digitalt? V\u00e4xtskyddsexamen.fi har gjort det s\u00e5 smidigt som m\u00f6jligt f\u00f6r er att avl\u00e4gga v\u00e4xtskyddsexamen genom [&hellip;]","og_url":"https:\/\/www.kasvinsuojelututkinto.fi\/sv\/om-oss","og_site_name":"V\u00e4xtskyddsexamen","article_modified_time":"2024-08-24T07:38:58+00:00","twitter_card":"summary_large_image","twitter_misc":{"Est. reading time":"2 minutes"},"schema":{"@context":"https:\/\/schema.org","@graph":[{"@type":"WebPage","@id":"https:\/\/www.kasvinsuojelututkinto.fi\/sv\/om-oss","url":"https:\/\/www.kasvinsuojelututkinto.fi\/sv\/om-oss","name":"Om oss - V\u00e4xtskyddsexamen","isPartOf":{"@id":"https:\/\/www.kasvinsuojelututkinto.fi\/#website"},"datePublished":"2024-07-15T09:51:42+00:00","dateModified":"2024-08-24T07:38:58+00:00","breadcrumb":{"@id":"https:\/\/www.kasvinsuojelututkinto.fi\/sv\/om-oss#breadcrumb"},"inLanguage":"sv-SE","potentialAction":[{"@type":"ReadAction","target":["https:\/\/www.kasvinsuojelututkinto.fi\/sv\/om-oss"]}]},{"@type":"BreadcrumbList","@id":"https:\/\/www.kasvinsuojelututkinto.fi\/sv\/om-oss#breadcrumb","itemListElement":[{"@type":"ListItem","position":1,"name":"Etusivu","item":"https:\/\/www.kasvinsuojelututkinto.fi\/sv"},{"@type":"ListItem","position":2,"name":"Om oss"}]},{"@type":"WebSite","@id":"https:\/\/www.kasvinsuojelututkinto.fi\/#website","url":"https:\/\/www.kasvinsuojelututkinto.fi\/","name":"V\u00e4xtskyddsexamen","description":"","publisher":{"@id":"https:\/\/www.kasvinsuojelututkinto.fi\/#organization"},"potentialAction":[{"@type":"SearchAction","target":{"@type":"EntryPoint","urlTemplate":"https:\/\/www.kasvinsuojelututkinto.fi\/?s={search_term_string}"},"query-input":{"@type":"PropertyValueSpecification","valueRequired":true,"valueName":"search_term_string"}}],"inLanguage":"sv-SE"},{"@type":"Organization","@id":"https:\/\/www.kasvinsuojelututkinto.fi\/#organization","name":"V\u00e4xtskyddsexamen","url":"https:\/\/www.kasvinsuojelututkinto.fi\/","logo":{"@type":"ImageObject","inLanguage":"sv-SE","@id":"https:\/\/www.kasvinsuojelututkinto.fi\/#\/schema\/logo\/image\/","url":"https:\/\/www.kasvinsuojelututkinto.fi\/wp-content\/uploads\/2024\/07\/Logo.svg","contentUrl":"https:\/\/www.kasvinsuojelututkinto.fi\/wp-content\/uploads\/2024\/07\/Logo.svg","caption":"V\u00e4xtskyddsexamen"},"image":{"@id":"https:\/\/www.kasvinsuojelututkinto.fi\/#\/schema\/logo\/image\/"}}]}},"_links":{"self":[{"href":"https:\/\/www.kasvinsuojelututkinto.fi\/sv\/wp-json\/wp\/v2\/pages\/12424","targetHints":{"allow":["GET"]}}],"collection":[{"href":"https:\/\/www.kasvinsuojelututkinto.fi\/sv\/wp-json\/wp\/v2\/pages"}],"about":[{"href":"https:\/\/www.kasvinsuojelututkinto.fi\/sv\/wp-json\/wp\/v2\/types\/page"}],"author":[{"embeddable":true,"href":"https:\/\/www.kasvinsuojelututkinto.fi\/sv\/wp-json\/wp\/v2\/users\/41"}],"replies":[{"embeddable":true,"href":"https:\/\/www.kasvinsuojelututkinto.fi\/sv\/wp-json\/wp\/v2\/comments?post=12424"}],"version-history":[{"count":8,"href":"https:\/\/www.kasvinsuojelututkinto.fi\/sv\/wp-json\/wp\/v2\/pages\/12424\/revisions"}],"predecessor-version":[{"id":12772,"href":"https:\/\/www.kasvinsuojelututkinto.fi\/sv\/wp-json\/wp\/v2\/pages\/12424\/revisions\/12772"}],"wp:attachment":[{"href":"https:\/\/www.kasvinsuojelututkinto.fi\/sv\/wp-json\/wp\/v2\/media?parent=12424"}],"curies":[{"name":"wp","href":"https:\/\/api.w.org\/{rel}","templated":true}]}}