{"id":393,"date":"2019-06-04T12:25:40","date_gmt":"2019-06-04T09:25:40","guid":{"rendered":"https:\/\/kasvinsuojelututkintofi-wp26621.test.cchosting.fi\/yleiset-ehdot"},"modified":"2019-06-11T13:09:53","modified_gmt":"2019-06-11T10:09:53","slug":"general-terms","status":"publish","type":"page","link":"https:\/\/www.kasvinsuojelututkinto.fi\/en\/general-terms","title":{"rendered":"General terms"},"content":{"rendered":"<p>Yleiset ehdot<\/p>\n<p>07.06.2019<\/p>\n<p>Yleist\u00e4<\/p>\n<p>Ab Vi &amp; He Consulting Oy, y-tunnus: 2769129-4, osoite: Simost\u00e5et 47, 65800 Raippaluoto; (\u201dPalveluntarjoaja\u201d) myy kasvinsuojeluainetutkintoja yksityishenkil\u00f6ille. N\u00e4m\u00e4 yleiset ehdot (\u201dEhdot\u201d) soveltuvat kenen tahansa (\u201dAsiakas\u201d) tekemiin kasvinsuojeluainetutkintoigin osoitteissa: www.v\u00e4xtskyddsexamen.fi, www.vaxtskyddsexamen.fi, www.kasvinsuojelututkinto.fi, www.kasvinsuojeluainetutkinto.fi ja www.kasvinsuojelukoulutus.fi (\u201dSivusto\u201d) sijaitsevissa verkkokaupoissa (\u201dVerkkokauppa\u201d). Ehdot soveltuvat my\u00f6s muiden palveluiden tilaamiseen ja muiden palveluiden toimituksiin.<\/p>\n<p>Palveluntarjoaja pid\u00e4tt\u00e4\u00e4 oikeuden muuttaa Ehtoja yksipuolisesti aika ajoin, joten Asiakkaan tulee tutustua Ehtoihin joka kerta etuk\u00e4teen tilatessaan Palveluita (m\u00e4\u00e4ritelty j\u00e4ljemp\u00e4n\u00e4) Palveluntarjoajan verkkokaupasta.<\/p>\n<p>M\u00e4\u00e4ritelm\u00e4t<\/p>\n<p>\u201dAsiakas\u201d: tai vastaavat ilmaisut viittaavat keneen tahansa t\u00e4m\u00e4n Palvelun k\u00e4ytt\u00e4j\u00e4\u00e4n.<\/p>\n<p>\u201dEhdot\u201d: tai vastaavat ilmaisut viittaavat n\u00e4ihin k\u00e4ytt\u00f6ehtoihin, jotka ovat kulloinkin julkistettuina Sivustolla.<\/p>\n<p>\u201dKasvinsuojeluainetutkinto\u201d: Kasvinsuojeluainetutkinto on lakis\u00e4\u00e4teinen tutkinto kaikille kasvinsuojeluaineiden k\u00e4ytt\u00e4jille. N\u00e4it\u00e4 k\u00e4ytt\u00e4ji\u00e4 ovat muun muassa: maanviljelij\u00e4t, mets\u00e4yhti\u00f6t, puutarhurit ja kasvinsuojeluaineiden myyntiedustajat. Verkkokaupassa voit suorittaa Kasvinsuojeluainetutkinnon suorittamalla tutkintokokeen hyv\u00e4ksytysti. Jos Tutkintoon vaadittava koe on suoritettu hyv\u00e4ksysti, todistus l\u00e4hetet\u00e4\u00e4n suoraan asiakkaan s\u00e4hk\u00f6postiosoitteeseen PDF-muodossa.<\/p>\n<p>\u201dKlarna\u201d: Palveluntarjoajan k\u00e4ytt\u00e4m\u00e4 maksupalvelu, mik\u00e4 on osa Palvelusta.<\/p>\n<p>\u201dMe\u201d: tai vastaavat ilmaisut viittaavat Palveluntarjoajaan eli Ab Vi &amp; He Consulting Oy:\u00f6n.<\/p>\n<p>\u201dPalvelu\u201d: Sivuston\/Verkkokaupan kautta, hakeminen, suorittaminen tai uusiminen kasvinsuojeluainetutkintoja.<\/p>\n<p>\u201cPalveluntarjoaja\u201d: Ab Vi &amp; He Consulting Oy, y-tunnus: 2769129-4, osoite: Simost\u00e5et 47, 65800 Raippaluoto.<\/p>\n<p>\u201dSin\u00e4\u201d: tai vastaavat ilmaisut viittaavat keneen tahansa t\u00e4m\u00e4n Palvelun k\u00e4ytt\u00e4j\u00e4\u00e4n.<\/p>\n<p>\u201dSivusto\u201d: www.v\u00e4xtskyddsexamen.fi, www.vaxtskyddsexamen.fi, www.kasvinsuojelututkinto.fi, www.kasvinsuojeluainetutkinto.fi, www.kasvinsuojelukoulutus.fi<\/p>\n<p>\u201dSuomi.fi\u201d: Palveluntarjoajan k\u00e4ytt\u00e4m\u00e4 palvelu, Asiakkaiden vahvan tunnistamisen suorittamiseksi.<\/p>\n<p>\u201dTukes\u201d: Turvallisuus- ja kemikaalivirasto.<\/p>\n<p>\u201dTutkinto\u201d: osa Palvelusta, miss\u00e4 Asiakas suorittaa laajan tai suppean kasvinsuojeluainetutkinnon. Tutkinnon hyv\u00e4ksymiseksi v\u00e4hint\u00e4\u00e4n 80% kysymyksist\u00e4 tulee olla oikein vastattu.<\/p>\n<p>\u201cVerkkokauppa\u201d: Sivustolla osoitteissa www.v\u00e4xtskyddsexamen.fi, www.vaxtskyddsexamen.fi, www.kasvinsuojelututkinto.fi, www.kasvinsuojeluainetutkinto.fi ja www.kasvinsuojelukoulutus.fi saatavilla oleva portaali kasvinsuojeluainetutkinnosta koskevien palveluiden tilaamiseksi, suorittamiseksi tai uusimiseksi.<\/p>\n<p>Palvelut ja hinnat<\/p>\n<p>Palveluiden sis\u00e4lt\u00f6 ja hinnat ovat esitetty Verkkokaupassa. Pid\u00e4t\u00e4mme oikeuden hintojen muutoksiin. Tuotteiden lopulliset hinnat sis\u00e4lt\u00e4v\u00e4t arvonlis\u00e4veron (24%), joka ilmenee tilausvahvistuksessa.<\/p>\n<p>Palvelutaso<\/p>\n<p>Palveluntarjoaja tekee kohtuuden rajoissa kaiken voitavan n\u00e4iden Ehtojen mukaisten velvoitteiden t\u00e4ytt\u00e4miseksi. Palveluntarjoaja on riippuvainen tietyist\u00e4 oheispalveluista, jotka eiv\u00e4t ole sen itse tuottamia, kuten Suomi.fi sek\u00e4 Klarna:n-sivustoja, jonka kautta Palveluntarjoaja hakee tietoja. Mik\u00e4li Palveluntarjoajan k\u00e4ytt\u00e4miss\u00e4 oheispalveluissa ilmenee katkoksia, t\u00e4m\u00e4 voi vaikuttaa Palveluntarjoajan toimintaan, eik\u00e4 Palveluntarjoaja ole vastuussa t\u00e4llaisten katkosten aiheuttamista viiv\u00e4styksist\u00e4.<\/p>\n<p>Palveluntarjoaja ei takaa, ett\u00e4 Palvelu toimii ja on k\u00e4ytett\u00e4viss\u00e4 ilman katkoksia tai vikoja. Palvelun toiminta voi keskeyty\u00e4 huoltot\u00f6iden, p\u00e4ivitysten tai j\u00e4rjestelm\u00e4- tai verkkoh\u00e4iri\u00f6iden takia. Palveluntarjoaja pyrkii ilmoittamaan mahdollisista katkoksista tai viiv\u00e4styksist\u00e4 Sivustollaan tai s\u00e4hk\u00f6postitse asiakkaille, joiden tilausten k\u00e4sittely on kesken.<\/p>\n<p>Toimitus ja toimitusaika<\/p>\n<p>Kasvinsuojeluainetutkinnon tutkintotodistus) toimitetaan aina heti Asiakkaan ilmoittamalle s\u00e4hk\u00f6postiosoitteeseen PDF-muodossa, jos Asiakas on vastannut tutkintokokeessa v\u00e4hint\u00e4\u00e4n 80% kysymyksist\u00e4 oikein.<\/p>\n<p>Tilaaminen ja sopimus<\/p>\n<p>Voit tilata tuotteita Sivustomme Verkkokaupassa valitsemalla tuotteen ja vahvistamalla tilauksen ja maksamalla tuotteet maksupalvelussa. Tilatessasi Verkkokaupastamme sinun edellytet\u00e4\u00e4n tutustuneen ja sitoutuneen kulloinkin voimassa oleviin Ehtoihin. Asiakas ymm\u00e4rt\u00e4\u00e4, ett\u00e4 Asiakkaan hyv\u00e4ksym\u00e4 ja Palveluntarjoajan vahvistama tilaus on sitova ja synnytt\u00e4\u00e4 sopimuksen Asiakkaan ja Palveluntarjoajan v\u00e4lille. N\u00e4m\u00e4 Ehdot ovat osa mainittua sopimusta.<\/p>\n<p>Tilatessaan Palveluita Asiakas:<\/p>\n<p>\u00b7 Vakuuttaa Asiakas, ett\u00e4 h\u00e4n on tutustunut koulutusmateriaaliin;<\/p>\n<p>\u00b7 Asiakas hyv\u00e4ksyy, ett\u00e4 Me k\u00e4yt\u00e4mme Suomi.fi-palvelua Asiakkaan vahvaksi tunnistamiseksi;<\/p>\n<p>\u00b7 Asiakas hyv\u00e4ksyy, ett\u00e4 Me luovutamme henkil\u00f6tietoja Tukesille Asiakkaista, jotka ovat hyv\u00e4ksytt\u00e4v\u00e4sti suorittaneet Tutkinnon; ja<\/p>\n<p>\u00b7 Asiakas sitoutuu noudattamaan n\u00e4it\u00e4 ehtoja ja pakottavaa lains\u00e4\u00e4d\u00e4nt\u00f6\u00e4 koskien kaikkea toimintaansa liittyen t\u00e4h\u00e4n Palveluun.<\/p>\n<p>Maksaminen ja maksutavat<\/p>\n<p>Tilauksen voi maksaa Verkkokaupassa kuvatuilla tavoilla ja maksu tapahtuu Klarna:n kautta, joka on integroitu osaksi Verkkokauppaa.<\/p>\n<p>Tilaus- ja maksuvahvistus<\/p>\n<p>Onnistuneen tilauksen ja tutkintokokeen suorittamisen j\u00e4lkeen Asiakkaan antamaan s\u00e4hk\u00f6postiosoitteeseen l\u00e4hetet\u00e4\u00e4n Kasvinsuojeluainetutkinnon tutkintotodistus.<\/p>\n<p>Tilausvahvistuksessa vahvistetaan my\u00f6s k\u00e4ytetty maksutapa.<\/p>\n<p>Jos emme jostain odottamattomasta syyst\u00e4 voi vahvistaa tilausta, ilmoitamme siit\u00e4 Asiakkaalle s\u00e4hk\u00f6postitse mahdollisimman pian.<\/p>\n<p>Peruutusoikeus<\/p>\n<p>Sivuston kautta tilatuilla Palveluilla ei ole peruutusoikeutta.<\/p>\n<p>Mik\u00e4li Palvelua ei pystyt\u00e4 toimittamaan Asiakkaasta johtuvasta syyst\u00e4, kuten puutteellisista tiedoista, Asiakkaalle ei palauteta maksua silt\u00e4 osin, kuin se voidaan k\u00e4ytt\u00e4\u00e4 Palveluntarjoajalle aiheutuneiden kulujen kattamiseen. Puutteellisia tietoja voidaan korjata sopimuksen mukaan.<\/p>\n<p>Asiakaspalvelu<\/p>\n<p>Palveluntarjoajan henkil\u00f6kunta auttaa Asiakasta tilaukseen liittyviss\u00e4 kysymyksiss\u00e4. Asiakkaan tulee olla ensisijaisesti yhteydess\u00e4 s\u00e4hk\u00f6postitse osoitteeseen:<\/p>\n<p>viktor.ostman@icloud.com<\/p>\n<p>Vastuunrajoitus<\/p>\n<p>Palveluntarjoaja ei vastaa mist\u00e4\u00e4n Palveluun, tilaukseen, toimitukseen tai tuotteeseen liittyv\u00e4st\u00e4 tai mist\u00e4\u00e4n edell\u00e4 mainitusta aiheutuneesta v\u00e4lillisest\u00e4 tai v\u00e4litt\u00f6m\u00e4st\u00e4 tai muusta vahingosta, ellei pakottava m\u00e4\u00e4r\u00e4ys lains\u00e4\u00e4d\u00e4nn\u00f6ss\u00e4 kyseisen vahingon osalta toisin m\u00e4\u00e4r\u00e4\u00e4.<\/p>\n<p>Erimielisyydet<\/p>\n<p>Asiakkaan tilausta koskevat mahdolliset erimielisyydet pyrit\u00e4\u00e4n ratkaisemaan ensisijaisesti sopimalla. Asiakkaan tulee ensi tilassa ottaa yhteytt\u00e4 Palveluntarjoajan Asiakaspalveluun asian sopimiseksi.<\/p>\n<p>Ristiriidat eri kieliversioiden v\u00e4lill\u00e4<\/p>\n<p>Mik\u00e4li suomen-, ruotsin- ja englanninkieliset Ehdot eiv\u00e4t ole saman sis\u00e4lt\u00f6isi\u00e4, noudatetaan ensisijaisesti suomenkielisi\u00e4 ehtoja.<\/p>\n","protected":false},"excerpt":{"rendered":"<p>Yleiset ehdot 07.06.2019 Yleist\u00e4 Ab Vi &amp; He Consulting Oy, y-tunnus: 2769129-4, osoite: Simost\u00e5et 47, 65800 Raippaluoto; (\u201dPalveluntarjoaja\u201d) myy kasvinsuojeluainetutkintoja yksityishenkil\u00f6ille. N\u00e4m\u00e4 yleiset ehdot (\u201dEhdot\u201d) soveltuvat kenen tahansa (\u201dAsiakas\u201d) tekemiin kasvinsuojeluainetutkintoigin osoitteissa: www.v\u00e4xtskyddsexamen.fi, www.vaxtskyddsexamen.fi, www.kasvinsuojelututkinto.fi, www.kasvinsuojeluainetutkinto.fi ja www.kasvinsuojelukoulutus.fi (\u201dSivusto\u201d) sijaitsevissa verkkokaupoissa (\u201dVerkkokauppa\u201d). Ehdot soveltuvat my\u00f6s muiden palveluiden tilaamiseen ja muiden palveluiden toimituksiin. Palveluntarjoaja pid\u00e4tt\u00e4\u00e4 oikeuden [&hellip;]<\/p>\n","protected":false},"author":1,"featured_media":0,"parent":0,"menu_order":0,"comment_status":"closed","ping_status":"closed","template":"","meta":{"_acf_changed":false,"footnotes":""},"class_list":["post-393","page","type-page","status-publish","hentry"],"acf":[],"yoast_head":"<!-- This site is optimized with the Yoast SEO plugin v27.4 - https:\/\/yoast.com\/product\/yoast-seo-wordpress\/ -->\n<title>General terms - Kasvinsuojelututkinto<\/title>\n<meta name=\"robots\" content=\"index, follow, max-snippet:-1, max-image-preview:large, max-video-preview:-1\" \/>\n<link rel=\"canonical\" href=\"https:\/\/www.kasvinsuojelututkinto.fi\/yleiset-ehdot\" \/>\n<meta property=\"og:locale\" content=\"en_US\" \/>\n<meta property=\"og:type\" content=\"article\" \/>\n<meta property=\"og:title\" content=\"General terms - Kasvinsuojelututkinto\" \/>\n<meta property=\"og:description\" content=\"Yleiset ehdot 07.06.2019 Yleist\u00e4 Ab Vi &amp; He Consulting Oy, y-tunnus: 2769129-4, osoite: Simost\u00e5et 47, 65800 Raippaluoto; (\u201dPalveluntarjoaja\u201d) myy kasvinsuojeluainetutkintoja yksityishenkil\u00f6ille. N\u00e4m\u00e4 yleiset ehdot (\u201dEhdot\u201d) soveltuvat kenen tahansa (\u201dAsiakas\u201d) tekemiin kasvinsuojeluainetutkintoigin osoitteissa: www.v\u00e4xtskyddsexamen.fi, www.vaxtskyddsexamen.fi, www.kasvinsuojelututkinto.fi, www.kasvinsuojeluainetutkinto.fi ja www.kasvinsuojelukoulutus.fi (\u201dSivusto\u201d) sijaitsevissa verkkokaupoissa (\u201dVerkkokauppa\u201d). Ehdot soveltuvat my\u00f6s muiden palveluiden tilaamiseen ja muiden palveluiden toimituksiin. Palveluntarjoaja pid\u00e4tt\u00e4\u00e4 oikeuden [&hellip;]\" \/>\n<meta property=\"og:url\" content=\"https:\/\/www.kasvinsuojelututkinto.fi\/yleiset-ehdot\" \/>\n<meta property=\"og:site_name\" content=\"Kasvinsuojelututkinto\" \/>\n<meta property=\"article:modified_time\" content=\"2019-06-11T10:09:53+00:00\" \/>\n<meta name=\"twitter:card\" content=\"summary_large_image\" \/>\n<meta name=\"twitter:label1\" content=\"Est. reading time\" \/>\n\t<meta name=\"twitter:data1\" content=\"4 minutes\" \/>\n<script type=\"application\/ld+json\" class=\"yoast-schema-graph\">{\"@context\":\"https:\\\/\\\/schema.org\",\"@graph\":[{\"@type\":\"WebPage\",\"@id\":\"https:\\\/\\\/www.kasvinsuojelututkinto.fi\\\/yleiset-ehdot\",\"url\":\"https:\\\/\\\/www.kasvinsuojelututkinto.fi\\\/yleiset-ehdot\",\"name\":\"General terms - Kasvinsuojelututkinto\",\"isPartOf\":{\"@id\":\"https:\\\/\\\/www.kasvinsuojelututkinto.fi\\\/#website\"},\"datePublished\":\"2019-06-04T09:25:40+00:00\",\"dateModified\":\"2019-06-11T10:09:53+00:00\",\"breadcrumb\":{\"@id\":\"https:\\\/\\\/www.kasvinsuojelututkinto.fi\\\/yleiset-ehdot#breadcrumb\"},\"inLanguage\":\"en-US\",\"potentialAction\":[{\"@type\":\"ReadAction\",\"target\":[\"https:\\\/\\\/www.kasvinsuojelututkinto.fi\\\/yleiset-ehdot\"]}]},{\"@type\":\"BreadcrumbList\",\"@id\":\"https:\\\/\\\/www.kasvinsuojelututkinto.fi\\\/yleiset-ehdot#breadcrumb\",\"itemListElement\":[{\"@type\":\"ListItem\",\"position\":1,\"name\":\"Etusivu\",\"item\":\"https:\\\/\\\/www.kasvinsuojelututkinto.fi\\\/en\"},{\"@type\":\"ListItem\",\"position\":2,\"name\":\"General terms\"}]},{\"@type\":\"WebSite\",\"@id\":\"https:\\\/\\\/www.kasvinsuojelututkinto.fi\\\/#website\",\"url\":\"https:\\\/\\\/www.kasvinsuojelututkinto.fi\\\/\",\"name\":\"Kasvinsuojelututkinto\",\"description\":\"\",\"publisher\":{\"@id\":\"https:\\\/\\\/www.kasvinsuojelututkinto.fi\\\/#organization\"},\"potentialAction\":[{\"@type\":\"SearchAction\",\"target\":{\"@type\":\"EntryPoint\",\"urlTemplate\":\"https:\\\/\\\/www.kasvinsuojelututkinto.fi\\\/?s={search_term_string}\"},\"query-input\":{\"@type\":\"PropertyValueSpecification\",\"valueRequired\":true,\"valueName\":\"search_term_string\"}}],\"inLanguage\":\"en-US\"},{\"@type\":\"Organization\",\"@id\":\"https:\\\/\\\/www.kasvinsuojelututkinto.fi\\\/#organization\",\"name\":\"Kasvinsuojelututkinto\",\"url\":\"https:\\\/\\\/www.kasvinsuojelututkinto.fi\\\/\",\"logo\":{\"@type\":\"ImageObject\",\"inLanguage\":\"en-US\",\"@id\":\"https:\\\/\\\/www.kasvinsuojelututkinto.fi\\\/#\\\/schema\\\/logo\\\/image\\\/\",\"url\":\"https:\\\/\\\/www.kasvinsuojelututkinto.fi\\\/wp-content\\\/uploads\\\/2024\\\/07\\\/Logo.svg\",\"contentUrl\":\"https:\\\/\\\/www.kasvinsuojelututkinto.fi\\\/wp-content\\\/uploads\\\/2024\\\/07\\\/Logo.svg\",\"caption\":\"Kasvinsuojelututkinto\"},\"image\":{\"@id\":\"https:\\\/\\\/www.kasvinsuojelututkinto.fi\\\/#\\\/schema\\\/logo\\\/image\\\/\"}}]}<\/script>\n<!-- \/ Yoast SEO plugin. -->","yoast_head_json":{"title":"General terms - Kasvinsuojelututkinto","robots":{"index":"index","follow":"follow","max-snippet":"max-snippet:-1","max-image-preview":"max-image-preview:large","max-video-preview":"max-video-preview:-1"},"canonical":"https:\/\/www.kasvinsuojelututkinto.fi\/yleiset-ehdot","og_locale":"en_US","og_type":"article","og_title":"General terms - Kasvinsuojelututkinto","og_description":"Yleiset ehdot 07.06.2019 Yleist\u00e4 Ab Vi &amp; He Consulting Oy, y-tunnus: 2769129-4, osoite: Simost\u00e5et 47, 65800 Raippaluoto; (\u201dPalveluntarjoaja\u201d) myy kasvinsuojeluainetutkintoja yksityishenkil\u00f6ille. N\u00e4m\u00e4 yleiset ehdot (\u201dEhdot\u201d) soveltuvat kenen tahansa (\u201dAsiakas\u201d) tekemiin kasvinsuojeluainetutkintoigin osoitteissa: www.v\u00e4xtskyddsexamen.fi, www.vaxtskyddsexamen.fi, www.kasvinsuojelututkinto.fi, www.kasvinsuojeluainetutkinto.fi ja www.kasvinsuojelukoulutus.fi (\u201dSivusto\u201d) sijaitsevissa verkkokaupoissa (\u201dVerkkokauppa\u201d). Ehdot soveltuvat my\u00f6s muiden palveluiden tilaamiseen ja muiden palveluiden toimituksiin. Palveluntarjoaja pid\u00e4tt\u00e4\u00e4 oikeuden [&hellip;]","og_url":"https:\/\/www.kasvinsuojelututkinto.fi\/yleiset-ehdot","og_site_name":"Kasvinsuojelututkinto","article_modified_time":"2019-06-11T10:09:53+00:00","twitter_card":"summary_large_image","twitter_misc":{"Est. reading time":"4 minutes"},"schema":{"@context":"https:\/\/schema.org","@graph":[{"@type":"WebPage","@id":"https:\/\/www.kasvinsuojelututkinto.fi\/yleiset-ehdot","url":"https:\/\/www.kasvinsuojelututkinto.fi\/yleiset-ehdot","name":"General terms - Kasvinsuojelututkinto","isPartOf":{"@id":"https:\/\/www.kasvinsuojelututkinto.fi\/#website"},"datePublished":"2019-06-04T09:25:40+00:00","dateModified":"2019-06-11T10:09:53+00:00","breadcrumb":{"@id":"https:\/\/www.kasvinsuojelututkinto.fi\/yleiset-ehdot#breadcrumb"},"inLanguage":"en-US","potentialAction":[{"@type":"ReadAction","target":["https:\/\/www.kasvinsuojelututkinto.fi\/yleiset-ehdot"]}]},{"@type":"BreadcrumbList","@id":"https:\/\/www.kasvinsuojelututkinto.fi\/yleiset-ehdot#breadcrumb","itemListElement":[{"@type":"ListItem","position":1,"name":"Etusivu","item":"https:\/\/www.kasvinsuojelututkinto.fi\/en"},{"@type":"ListItem","position":2,"name":"General terms"}]},{"@type":"WebSite","@id":"https:\/\/www.kasvinsuojelututkinto.fi\/#website","url":"https:\/\/www.kasvinsuojelututkinto.fi\/","name":"Kasvinsuojelututkinto","description":"","publisher":{"@id":"https:\/\/www.kasvinsuojelututkinto.fi\/#organization"},"potentialAction":[{"@type":"SearchAction","target":{"@type":"EntryPoint","urlTemplate":"https:\/\/www.kasvinsuojelututkinto.fi\/?s={search_term_string}"},"query-input":{"@type":"PropertyValueSpecification","valueRequired":true,"valueName":"search_term_string"}}],"inLanguage":"en-US"},{"@type":"Organization","@id":"https:\/\/www.kasvinsuojelututkinto.fi\/#organization","name":"Kasvinsuojelututkinto","url":"https:\/\/www.kasvinsuojelututkinto.fi\/","logo":{"@type":"ImageObject","inLanguage":"en-US","@id":"https:\/\/www.kasvinsuojelututkinto.fi\/#\/schema\/logo\/image\/","url":"https:\/\/www.kasvinsuojelututkinto.fi\/wp-content\/uploads\/2024\/07\/Logo.svg","contentUrl":"https:\/\/www.kasvinsuojelututkinto.fi\/wp-content\/uploads\/2024\/07\/Logo.svg","caption":"Kasvinsuojelututkinto"},"image":{"@id":"https:\/\/www.kasvinsuojelututkinto.fi\/#\/schema\/logo\/image\/"}}]}},"_links":{"self":[{"href":"https:\/\/www.kasvinsuojelututkinto.fi\/en\/wp-json\/wp\/v2\/pages\/393","targetHints":{"allow":["GET"]}}],"collection":[{"href":"https:\/\/www.kasvinsuojelututkinto.fi\/en\/wp-json\/wp\/v2\/pages"}],"about":[{"href":"https:\/\/www.kasvinsuojelututkinto.fi\/en\/wp-json\/wp\/v2\/types\/page"}],"author":[{"embeddable":true,"href":"https:\/\/www.kasvinsuojelututkinto.fi\/en\/wp-json\/wp\/v2\/users\/1"}],"replies":[{"embeddable":true,"href":"https:\/\/www.kasvinsuojelututkinto.fi\/en\/wp-json\/wp\/v2\/comments?post=393"}],"version-history":[{"count":0,"href":"https:\/\/www.kasvinsuojelututkinto.fi\/en\/wp-json\/wp\/v2\/pages\/393\/revisions"}],"wp:attachment":[{"href":"https:\/\/www.kasvinsuojelututkinto.fi\/en\/wp-json\/wp\/v2\/media?parent=393"}],"curies":[{"name":"wp","href":"https:\/\/api.w.org\/{rel}","templated":true}]}}