{"id":12,"date":"2019-05-06T07:51:57","date_gmt":"2019-05-06T07:51:57","guid":{"rendered":"https:\/\/kasvinsuojelututkintofi-wp26621.test.cchosting.fi\/?page_id=12"},"modified":"2019-06-06T20:01:35","modified_gmt":"2019-06-06T17:01:35","slug":"privacy-statement-sv","status":"publish","type":"page","link":"https:\/\/www.kasvinsuojelututkinto.fi\/en\/privacy-statement-sv","title":{"rendered":"Privacy Statement &#8211; SV"},"content":{"rendered":"<h1><strong>Tietosuojaseloste<\/strong><\/h1>\n<p>Ab Vi &amp; He Consulting Oy:n asiakasrekisteri\u00e4 koskeva tietosuojaseloste (\u201cTietosuojaseloste\u201d)<\/p>\n<p>P\u00e4ivitetty 7.6.2019<\/p>\n<h4>1. Yleist\u00e4<\/h4>\n<p>T\u00e4ll\u00e4 tietosuojaselosteella (\u201cTietosuojaseloste\u201d) annetaan EU:n yleisen tietosuoja-asetuksen (j\u00e4ljemp\u00e4n\u00e4 \u201cTietosuoja-asetus\u201d) sek\u00e4 henkil\u00f6tietolain edellytt\u00e4mi\u00e4 tietoja yht\u00e4\u00e4lt\u00e4 rekister\u00f6idylle eli rekisterinpit\u00e4j\u00e4n asiakkaalle tai henkil\u00f6st\u00f6lle ja toisaalta valvovalle viranomaiselle.<\/p>\n<h4>2. Rekisterinpit\u00e4j\u00e4 ja rekisterinpit\u00e4j\u00e4n yhteystiedot<\/h4>\n<ul>\n<li>Nimi: Ab Vi &amp; He Consulting Oy (\u201cRekisterinpit\u00e4j\u00e4\u201d), y-tunnus: 2769129-4<\/li>\n<li>Postiosoite: Simost\u00e5et 47, 65800 Raippaluoto<\/li>\n<li>Rekisterinpit\u00e4j\u00e4n yhteyshenkil\u00f6: Vara Toimitusjohtaja Henrik \u00d6stman<\/li>\n<li>Puhelinnumero: +358 40 353 31 52<\/li>\n<li>S\u00e4hk\u00f6postiosoite: viktor.ostman@icloud.com<\/li>\n<\/ul>\n<h4>3. Tietosuojavastaavan yhteystiedot<\/h4>\n<p>Yhti\u00f6n henkil\u00f6tietojen k\u00e4sittelyn luonne ja laajuus huomioon ottaen yhti\u00f6lt\u00e4 ei yhti\u00f6n hallituksen tulkinnan mukaan edellytet\u00e4 Yhti\u00f6n tietosuojavastaava on yhti\u00f6n lakiasioista vastaava osakas Henrik \u00d6stman. S\u00e4hk\u00f6postiosoite: viktor.ostman@icloud.com<\/p>\n<h4>4. Rekisterin nimi<\/h4>\n<p>Rekisterin nimi on\u00a0<em>Ab Vi &amp; He Consulting Oy:n asiakasrekisteri\u00a0<\/em>(j\u00e4ljemp\u00e4n\u00e4 \u201cRekisteri\u201d). Rekisteriss\u00e4 k\u00e4sitell\u00e4\u00e4n Ab Vi &amp; He Consulting Oy:n asiakkaiden (\u201cRekister\u00f6idyt\u201d) tietoja, joihin sis\u00e4ltyy my\u00f6s Tietosuoja-asetuksessa tarkoitettuja henkil\u00f6tietoja. Rekister\u00f6idyt ovat yhteis\u00f6j\u00e4 sek\u00e4 yksityishenkil\u00f6it\u00e4.<\/p>\n<h4>5. Henkil\u00f6tietojen k\u00e4sittelyn tarkoitukset ja k\u00e4sittelyn oikeusperuste<\/h4>\n<p><strong>Henkil\u00f6tietojen k\u00e4ytt\u00f6tarkoitukset<\/strong><\/p>\n<ul>\n<li>asiakaspalvelu sek\u00e4 asiakassuhteen hoito ja kehitt\u00e4minen, mukaan lukien asiakasviestint\u00e4;<\/li>\n<li>palvelujen tuottaminen, kehitt\u00e4minen ja laadunvarmistus;<\/li>\n<li>palveluiden laskuttaminen;<\/li>\n<li>lakiin perustuvien sek\u00e4 viranomaisten m\u00e4\u00e4r\u00e4ysten ja ohjeiden mukaisten velvoitteiden hoitaminen; ja<\/li>\n<li>palvelujen turvallisuuden varmistaminen ja v\u00e4\u00e4rink\u00e4yt\u00f6sten selvitt\u00e4minen.<\/li>\n<\/ul>\n<p>Rekisterin piiriin kuuluva henkil\u00f6tietojen k\u00e4sittely\u00a0ei sis\u00e4ll\u00e4 profilointia.\u00a0<em>Profiloinnilla<\/em>\u00a0tarkoitetaan henkil\u00f6tietojen automaattista k\u00e4sittely\u00e4, jossa n\u00e4it\u00e4 tietoja k\u00e4ytt\u00e4m\u00e4ll\u00e4 arvioidaan tiettyj\u00e4 henkil\u00f6kohtaisia ominaisuuksia.<\/p>\n<p><strong>K\u00e4sittelyn oikeusperusteet<\/strong><\/p>\n<p>Henkil\u00f6tietoja k\u00e4sitell\u00e4\u00e4n rekisteriss\u00e4 useilla eri oikeusperusteilla.<\/p>\n<p>Yleisin peruste henkil\u00f6tietojen k\u00e4sittelylle on\u00a0sopimussuhde\u00a0rekisterinpit\u00e4j\u00e4n ja rekister\u00f6idyn v\u00e4lill\u00e4 tai sopimuksen tekemist\u00e4 edelt\u00e4vien toimenpiteiden suorittaminen henkil\u00f6n pyynn\u00f6st\u00e4, esimerkiksi tarjouspyynt\u00f6\u00f6n vastaaminen. Kun asiakas suorittaa kasvinsuojeluaineen liittyvi\u00e4 toimeksiantoja Ab Vi &amp; He Consulting Oy:lle, muodostaa t\u00e4m\u00e4 toimi sopimussuhteen osapuolten v\u00e4lille yleisten sopimusehtojen mukaisesti. Toteuttaakseen t\u00e4m\u00e4n toimeksiannon Rekisterinpit\u00e4j\u00e4n on k\u00e4sitelt\u00e4v\u00e4 tilauksen tehneen henkil\u00f6tietoja.<\/p>\n<p>Henkil\u00f6tietojen k\u00e4sittely voi lis\u00e4ksi perustua\u00a0rekister\u00f6idyn antamaan suostumukseen, kuten lupaan s\u00e4hk\u00f6ist\u00e4 suoramarkkinointia varten. Rekister\u00f6idyn antama suostumus on aina peruutettavissa vapaamuotoisesti ilmoittamalla siit\u00e4 osoitteeseen viktor.ostman(a)icloud.com.<\/p>\n<p>Oikeutettuihin etuihin\u00a0perustuen henkil\u00f6tietoja voidaan k\u00e4ytt\u00e4\u00e4 esimerkiksi viranomaisten tekemiin tietopyynt\u00f6ihin vastaamiseksi tai liiketoiminnan kehitt\u00e4mist\u00e4 varten. Useimmiten rekisterinpit\u00e4j\u00e4n oikeutettu etu perustuu rekisterinpit\u00e4j\u00e4n ja rekister\u00f6idyn v\u00e4liseen asiakas- tai vastaavaan suhteeseen.<\/p>\n<p><strong>Mist\u00e4 l\u00e4hteist\u00e4 tietomme ovat per\u00e4isin?<\/strong><\/p>\n<p>Ker\u00e4\u00e4mme tietoja ensisijaisesti\u00a0asiakkaalta itselt\u00e4\u00e4n, kun h\u00e4n tekee tilauksen LEI-tunnuksen tilaamiseksi, muuttamiseksi tai siirt\u00e4miseksi. Tilatessaan palveluita LEI-tunnus.fi-sivuston verkkokaupasta, asiakas luovuttaa itse tietoja, joilla se yksil\u00f6i sen yhteis\u00f6n, jonka puolesta h\u00e4n toimii, luovuttaa palveluntarjoajalle yhteis\u00f6n kaupparekisteri- tai yhdistysrekisteriotteen sek\u00e4 maksutiedot, jotka v\u00e4littyv\u00e4t maksupalveluntarjoajan kautta palveluntarjoajalle.<\/p>\n<p>&nbsp;<\/p>\n<p>Lis\u00e4ksi er\u00e4it\u00e4 palvelun tarjoamiseksi tarvittavia tietoja ker\u00e4t\u00e4\u00e4n p\u00e4\u00e4asiassa viranomaisten yll\u00e4pit\u00e4mist\u00e4\u00a0julkisista rekistereist\u00e4, joita ovat kaupparekisteri (<a href=\"http:\/\/www.ytj.fi\/\">www.ytj.fi<\/a>\u00a0ja\u00a0<a href=\"http:\/\/www.prh.fi\/\">www.prh.fi<\/a>), sek\u00e4 muista julkisista rekistereist\u00e4, kuten Globla Legal Entity Identifier Foundation (GLEIF) yll\u00e4pit\u00e4m\u00e4st\u00e4 LEI-rekisterist\u00e4 (<a href=\"https:\/\/www.gleif.org\/en\/lei\/search\">https:\/\/www.gleif.org\/en\/lei\/search<\/a>).<\/p>\n<p>&nbsp;<\/p>\n<p>&nbsp;<\/p>\n<h4>6. Henkil\u00f6tietoryhm\u00e4t<\/h4>\n<table width=\"662\">\n<tbody>\n<tr>\n<td width=\"243\">HENKIL\u00d6TIETORYHM\u00c4<\/td>\n<td width=\"413\">RYHM\u00c4N TIETOSIS\u00c4LT\u00d6<\/td>\n<\/tr>\n<tr>\n<td width=\"243\">1. Perustiedot<\/td>\n<td width=\"413\">Yksityishenkil\u00f6n osalta:<\/p>\n<p>Nimi, s\u00e4hk\u00f6posti, henkil\u00f6tunnus.<\/p>\n<p>Yksityishenkil\u00f6n osoite, puhelinnumero, s\u00e4hk\u00f6postiosoite.<\/p>\n<p>Kasvinsuojeluainetutkinnon tutkintotodistuksen numero (Dnro)<\/td>\n<\/tr>\n<tr>\n<td width=\"243\">2. Suostumukset<\/td>\n<td width=\"413\">Rekister\u00f6idyn antamat, henkil\u00f6tietojen k\u00e4sittely\u00e4 koskevat suostumukset ja kiellot<\/td>\n<\/tr>\n<tr>\n<td width=\"243\">3. Sopimus- ja palvelutiedot<\/td>\n<td width=\"413\">Rekisterinpit\u00e4j\u00e4n ja rekister\u00f6idyn v\u00e4listen sopimusten tiedot sek\u00e4<\/p>\n<p>Rekister\u00f6idyn hankkimien tuotteiden ja palvelujen tiedot<\/td>\n<\/tr>\n<tr>\n<td width=\"243\">4. Asiakastapahtumatiedot<\/td>\n<td width=\"413\">Asiakassuhteen hoitamiseen liittyv\u00e4t teht\u00e4v\u00e4t ja tapahtumat<\/td>\n<\/tr>\n<tr>\n<td width=\"243\">5. Tallenteet ja viestien sis\u00e4lt\u00f6<\/td>\n<td width=\"413\">Erimuotoiset tallenteet ja viestit, joissa rekister\u00f6ity on osapuolena, esimerkiksi s\u00e4hk\u00f6postit<\/td>\n<\/tr>\n<\/tbody>\n<\/table>\n<p>&nbsp;<\/p>\n<h4><\/h4>\n<h4>7. Henkil\u00f6tietojen vastaanottajat ja vastaanottajaryhm\u00e4t<\/h4>\n<p>Ker\u00e4ttyj\u00e4 henkil\u00f6tietoja voidaan luovuttaa vain lains\u00e4\u00e4d\u00e4nn\u00f6n sallimissa puitteissa. L\u00e4ht\u00f6kohtaisesti henkil\u00f6tietoja k\u00e4ytet\u00e4\u00e4n ja luovutetaan vain sopimuksen tarkoituksen t\u00e4ytt\u00e4miseksi rekisterinpit\u00e4j\u00e4n yhteisty\u00f6kumppaneille, jotka noudattava yleisen tietosuoja-asetuksen sek\u00e4 muun lains\u00e4\u00e4d\u00e4nn\u00f6n vaatimuksia teht\u00e4v\u00e4\u00e4 hoitaessaan.<\/p>\n<p>Lis\u00e4ksi henkil\u00f6tietoja voidaan luovuttaa lakis\u00e4\u00e4teisiss\u00e4 tapauksissa viranomaisille, kuten Poliisille ja Suomen verohallinnolle.<\/p>\n<h4>8. Henkil\u00f6tietojen siirt\u00e4minen<\/h4>\n<p>Rekisterinpit\u00e4j\u00e4 k\u00e4ytt\u00e4\u00e4 alihankkijoita tietojen k\u00e4sittelyss\u00e4. Tietoja ei p\u00e4\u00e4s\u00e4\u00e4nt\u00f6isesti siirret\u00e4\u00e4n EU:n \/ ETA:n ulkopuolelle. Palvelun suorittamisesta johtuen osa annetuista tiedoista v\u00e4litet\u00e4\u00e4n Turvallisuus- ja kemikaaliviraston (\u201dTukes\u201d) yll\u00e4pit\u00e4m\u00e4\u00e4n kasvinsuojeluainetutkintorekisteriin, jossa osa tiedoista on lains\u00e4\u00e4d\u00e4nn\u00f6n edellytt\u00e4m\u00e4ll\u00e4 tavalla julkista. Tietojen siirt\u00e4minen tapahtuu kasvinsuojeluainetutkinnon tilaamisprosessissa, jonka avulla Palveluntarjoaja hakee asiakkaan henkil\u00f6tiedot Suomi.fi-palvelun kautta, sen takia ett\u00e4 Tukes vaatii vahvaa henkil\u00f6tunnistautumista kasvinsuojeluainetutkinnon suorittamisen varten.<\/p>\n<h4>9. Henkil\u00f6tietojen s\u00e4ilytysaika tai s\u00e4ilytysajan m\u00e4\u00e4ritt\u00e4miskriteerit<\/h4>\n<p>Henkil\u00f6tietoja k\u00e4sitell\u00e4\u00e4n sopimussuhteen voimassaolon ajan. Sopimussuhteen p\u00e4\u00e4tytty\u00e4 tiedot poistetaan tai anonymisoidaan kuitenkin viimeist\u00e4\u00e4n viiden (5) vuoden kuluttua Rekisterinpit\u00e4j\u00e4n noudattamien poistoprosessien mukaisesti.<\/p>\n<p>Rekisterinpit\u00e4j\u00e4 voi k\u00e4sitell\u00e4 sopimussuhteen p\u00e4\u00e4tytty\u00e4 henkil\u00f6tietoja suoramarkkinointitarkoituksiin soveltuvan lains\u00e4\u00e4d\u00e4nn\u00f6n mukaisesti.<\/p>\n<p>Tilausvaiheessa Asiakas voi hyv\u00e4ksy\u00e4 ett\u00e4 ilmoitamme kun on aikaa uudista kasvinsuojeluainetutkinnon, joka tapahtuu joka viides (5) vuosi.<\/p>\n<h4>10. Henkil\u00f6tietojen l\u00e4hteet ja p\u00e4ivitt\u00e4minen<\/h4>\n<p>Henkil\u00f6tietoja ker\u00e4t\u00e4\u00e4n p\u00e4\u00e4asiassa rekister\u00f6idylt\u00e4 itselt\u00e4\u00e4n. Tietoja voidaan ker\u00e4t\u00e4, kun rekister\u00f6ity k\u00e4ytt\u00e4\u00e4 rekisterinpit\u00e4j\u00e4n palvelua, kuten verkkokauppaa tai tekee tilauksen k\u00e4ytt\u00e4en muuta v\u00e4linett\u00e4.<\/p>\n<p>Lis\u00e4ksi henkil\u00f6tietoja voidaan ker\u00e4t\u00e4 ja p\u00e4ivitt\u00e4\u00e4 lain sallimissa puitteissa kolmansien osapuolten rekistereist\u00e4, kuten V\u00e4est\u00f6rekisterikeskuksesta, kaupparekisterist\u00e4 ja muiden viranomaisten rekistereist\u00e4, sek\u00e4 luottotietorekisterinpit\u00e4jilt\u00e4.<\/p>\n<h4>11. Rekister\u00f6idyn oikeudet<\/h4>\n<p>Rekister\u00f6idyll\u00e4 on oikeus saada rekisterinpit\u00e4j\u00e4n vahvistus siit\u00e4, k\u00e4sitell\u00e4\u00e4nk\u00f6 rekister\u00f6idyn henkil\u00f6tietoja vai ei tai onko niit\u00e4 k\u00e4sitelty. Mik\u00e4li rekisterinpit\u00e4j\u00e4 k\u00e4sittelee rekister\u00f6idyn henkil\u00f6tietoja, rekister\u00f6idyll\u00e4 on oikeus saada t\u00e4m\u00e4n asiakirjan tiedot sek\u00e4 j\u00e4ljenn\u00f6s k\u00e4sitelt\u00e4vist\u00e4 ja k\u00e4sitellyist\u00e4 henkil\u00f6tiedoista.<\/p>\n<p>Rekisterinpit\u00e4j\u00e4 voi peri\u00e4 kohtuullisen hallinnollisen maksun rekister\u00f6idyn pyyt\u00e4mist\u00e4 lis\u00e4j\u00e4ljenn\u00f6skappaleista. Mik\u00e4li rekister\u00f6ity tekee pyynn\u00f6n s\u00e4hk\u00f6isesti, eik\u00e4 h\u00e4n ole pyyt\u00e4nyt muuta toimitusmuotoa, tiedot toimitetaan yleisesti k\u00e4yt\u00f6ss\u00e4 olevassa s\u00e4hk\u00f6isess\u00e4 muodossa edellytt\u00e4en, ett\u00e4 tiedot voidaan toimittaa tietoturvallisella tavalla.<\/p>\n<p>Rekister\u00f6idyll\u00e4 on my\u00f6s oikeus pyyt\u00e4\u00e4 rekisterinpit\u00e4j\u00e4\u00e4 oikaisemaan virheellisi\u00e4 tietoja tai poistamaan henkil\u00f6tietojaan ja h\u00e4n voi kielt\u00e4\u00e4 henkil\u00f6tietojensa k\u00e4sittelyn.<\/p>\n<p>Tietosuoja-asetuksen soveltamisen alettua rekister\u00f6idyll\u00e4 on my\u00f6s tietyiss\u00e4 tilanteissa oikeus pyyt\u00e4\u00e4 henkil\u00f6tietojensa k\u00e4sittelyn rajoittamista tai muuten vastustaa k\u00e4sittely\u00e4. Lis\u00e4ksi rekister\u00f6ity voi pyyt\u00e4\u00e4 itse toimittamiensa tietojen siirtoa koneluettavassa muodossa tietosuoja-asetukseen perustuen toiselle rekisterinpit\u00e4j\u00e4lle. Ab Vi &amp; He Consulting Oy pyrkii toteuttamaan siirtopyynn\u00f6t siin\u00e4 m\u00e4\u00e4rin kuin niiden toteuttaminen on teknisesti mahdollista eik\u00e4 aiheuta kohtuuttomia kustannuksia. Mik\u00e4li pyynt\u00f6\u00e4 ei voida toteuttaa, Rekisterinpit\u00e4j\u00e4 ilmoittaa t\u00e4st\u00e4 pyynn\u00f6n esitt\u00e4neelle rekister\u00f6idylle.<\/p>\n<p>Kaikki t\u00e4ss\u00e4 mainitut pyynn\u00f6t tulee toimittaa yll\u00e4mainitulle rekisterinpit\u00e4j\u00e4n yhteyshenkil\u00f6lle osoitteeseen viktor.ostman(a)icloud.com.<\/p>\n<p>Mik\u00e4li Rekister\u00f6ity katsoo, ettei h\u00e4nen henkil\u00f6tietojensa k\u00e4sittely ole lainmukaista, h\u00e4nell\u00e4 on oikeus tehd\u00e4 asiassa valitus valvontaviranomaiselle. Pyyd\u00e4mme Rekister\u00f6ity\u00e4 kuitenkin ensiksi olemaan yhteydess\u00e4 Rekisterinpit\u00e4j\u00e4\u00e4n, jotta voimme yritt\u00e4\u00e4 auttaa ja vastata mahdollisiin kysymyksiin.<\/p>\n<h4>12. Oikeus peruuttaa suostumus<\/h4>\n<p>Mik\u00e4li rekisterinpit\u00e4j\u00e4 k\u00e4sittelee rekister\u00f6idyn henkil\u00f6tietoja suostumuksen perusteella, rekister\u00f6idyll\u00e4 on aina oikeus peruuttaa suostumuksensa. Suostumuksen peruuttaminen ei vaikuta ennen sen peruuttamista suoritetun suostumusperusteisen k\u00e4sittelyn lainmukaisuuteen. Suostumuksen peruuttaminen voi kuitenkin vaikuttaa palvelun k\u00e4ytett\u00e4vyyteen ja toiminnallisuuksiin.<\/p>\n<h4>13. Miten rekisterin suojaus on j\u00e4rjestetty<\/h4>\n<p>Rekisterinpit\u00e4j\u00e4 on suojannut tiedot asianmukaisesti teknisesti ja organisatorisesti. Rekisterin suojauksessa k\u00e4ytet\u00e4\u00e4n mm. seuraavia keinoja:<\/p>\n<ul>\n<li>laitteistojen ja tiedostojen suojaus ja salaus<\/li>\n<li>k\u00e4ytt\u00e4jien tunnistus<\/li>\n<li>k\u00e4ytt\u00f6valtuudet<\/li>\n<li>k\u00e4ytt\u00f6tapahtumien rekister\u00f6inti<\/li>\n<li>k\u00e4sittelyn ohjeistus ja valvonta<\/li>\n<\/ul>\n<p>Rekisterinpit\u00e4j\u00e4 edellytt\u00e4\u00e4 my\u00f6s mahdollisilta alihankkijoiltaan k\u00e4sitelt\u00e4vien henkil\u00f6tietojen asianmukaista suojaamista.<\/p>\n<p><strong>\u00a0<\/strong><\/p>\n<ol start=\"14\">\n<li><strong> GDPR<\/strong><\/li>\n<\/ol>\n<p>Ab Vi &amp; He Consulting Oy (y-tunnus: 2769129-4) kunnioittaa yksityisyytt\u00e4 ja noudattaa kulloinkin sovellettavaa tietosuojalains\u00e4\u00e4d\u00e4nt\u00f6\u00e4, mukaanlukien EU:n yleist\u00e4 tietosuoja-asetusta (GDPR) ja yhti\u00f6n sis\u00e4ist\u00e4 tietosuojaohjeistusta (data protection policy).<\/p>\n<p>Toimintamme perustuu avoimuuteen ja l\u00e4pin\u00e4kyvyyteen. Henkil\u00f6tietojesi k\u00e4sittell\u00e4\u00e4n avoimesti ja ymm\u00e4rrett\u00e4v\u00e4sti kanssanne. Miten tietojasi k\u00e4sitell\u00e4\u00e4n, voit arvioida k\u00e4sittelyn asianmukaisuutta ja my\u00f6s k\u00e4ytt\u00e4\u00e4 henkil\u00f6tietojen k\u00e4sittely\u00e4 koskevia oikeuksiasi. Pyrimme kaikessa toiminnassamme minimoimaan henkil\u00f6tietojen k\u00e4sittely\u00e4. Henkil\u00f6tietoja k\u00e4sitell\u00e4\u00e4n lain mukaan ja vain siihen tarkoitukseen ja siin\u00e4 laajudessa kuin palveluidemme tarjoamiseksi on tarpeen.<\/p>\n<p>Tietosuojaseloste on kunkin yksitt\u00e4isen rekisterin tietosis\u00e4lt\u00f6\u00e4, tietojen k\u00e4sittelyn oikeusperusteita sek\u00e4 k\u00e4ytt\u00f6tarkoituksia kuvaava asiakirja. Tietosuojaseloste on saatavilla. Pid\u00e4t\u00e4mme oikeuden muuttaa ja p\u00e4ivitt\u00e4\u00e4 tietosuojaselosteita tarvittaessa. Kerromme tietosuojaselosteisiin teht\u00e4vist\u00e4 olennaisista muutoksista n\u00e4kyv\u00e4ll\u00e4 tavalla, esimerkiksi kotisivullamme.<\/p>\n<p>Jos jokin tietosuojaa koskeva asia askarruttaa, mahdolliset tietosuojaa koskevat kysymykset voit osoittaa s\u00e4hk\u00f6postitse osoitteeseen info(a)lei-tunnus.fi.<\/p>\n","protected":false},"excerpt":{"rendered":"<p>Tietosuojaseloste Ab Vi &amp; He Consulting Oy:n asiakasrekisteri\u00e4 koskeva tietosuojaseloste (\u201cTietosuojaseloste\u201d) P\u00e4ivitetty 7.6.2019 1. Yleist\u00e4 T\u00e4ll\u00e4 tietosuojaselosteella (\u201cTietosuojaseloste\u201d) annetaan EU:n yleisen tietosuoja-asetuksen (j\u00e4ljemp\u00e4n\u00e4 \u201cTietosuoja-asetus\u201d) sek\u00e4 henkil\u00f6tietolain edellytt\u00e4mi\u00e4 tietoja yht\u00e4\u00e4lt\u00e4 rekister\u00f6idylle eli rekisterinpit\u00e4j\u00e4n asiakkaalle tai henkil\u00f6st\u00f6lle ja toisaalta valvovalle viranomaiselle. 2. Rekisterinpit\u00e4j\u00e4 ja rekisterinpit\u00e4j\u00e4n yhteystiedot Nimi: Ab Vi &amp; He Consulting Oy (\u201cRekisterinpit\u00e4j\u00e4\u201d), y-tunnus: 2769129-4 Postiosoite: [&hellip;]<\/p>\n","protected":false},"author":1,"featured_media":0,"parent":0,"menu_order":0,"comment_status":"closed","ping_status":"closed","template":"","meta":{"_acf_changed":false,"footnotes":""},"class_list":["post-12","page","type-page","status-publish","hentry"],"acf":[],"yoast_head":"<!-- This site is optimized with the Yoast SEO plugin v27.4 - https:\/\/yoast.com\/product\/yoast-seo-wordpress\/ -->\n<title>Privacy Statement - SV - Kasvinsuojelututkinto<\/title>\n<meta name=\"robots\" content=\"index, follow, max-snippet:-1, max-image-preview:large, max-video-preview:-1\" \/>\n<link rel=\"canonical\" href=\"https:\/\/www.kasvinsuojelututkinto.fi\/en\/privacy-statement-sv\" \/>\n<meta property=\"og:locale\" content=\"en_US\" \/>\n<meta property=\"og:type\" content=\"article\" \/>\n<meta property=\"og:title\" content=\"Privacy Statement - SV - Kasvinsuojelututkinto\" \/>\n<meta property=\"og:description\" content=\"Tietosuojaseloste Ab Vi &amp; He Consulting Oy:n asiakasrekisteri\u00e4 koskeva tietosuojaseloste (\u201cTietosuojaseloste\u201d) P\u00e4ivitetty 7.6.2019 1. Yleist\u00e4 T\u00e4ll\u00e4 tietosuojaselosteella (\u201cTietosuojaseloste\u201d) annetaan EU:n yleisen tietosuoja-asetuksen (j\u00e4ljemp\u00e4n\u00e4 \u201cTietosuoja-asetus\u201d) sek\u00e4 henkil\u00f6tietolain edellytt\u00e4mi\u00e4 tietoja yht\u00e4\u00e4lt\u00e4 rekister\u00f6idylle eli rekisterinpit\u00e4j\u00e4n asiakkaalle tai henkil\u00f6st\u00f6lle ja toisaalta valvovalle viranomaiselle. 2. Rekisterinpit\u00e4j\u00e4 ja rekisterinpit\u00e4j\u00e4n yhteystiedot Nimi: Ab Vi &amp; He Consulting Oy (\u201cRekisterinpit\u00e4j\u00e4\u201d), y-tunnus: 2769129-4 Postiosoite: [&hellip;]\" \/>\n<meta property=\"og:url\" content=\"https:\/\/www.kasvinsuojelututkinto.fi\/en\/privacy-statement-sv\" \/>\n<meta property=\"og:site_name\" content=\"Kasvinsuojelututkinto\" \/>\n<meta property=\"article:modified_time\" content=\"2019-06-06T17:01:35+00:00\" \/>\n<meta name=\"twitter:card\" content=\"summary_large_image\" \/>\n<meta name=\"twitter:label1\" content=\"Est. reading time\" \/>\n\t<meta name=\"twitter:data1\" content=\"7 minutes\" \/>\n<script type=\"application\/ld+json\" class=\"yoast-schema-graph\">{\"@context\":\"https:\\\/\\\/schema.org\",\"@graph\":[{\"@type\":\"WebPage\",\"@id\":\"https:\\\/\\\/www.kasvinsuojelututkinto.fi\\\/en\\\/privacy-statement-sv\",\"url\":\"https:\\\/\\\/www.kasvinsuojelututkinto.fi\\\/en\\\/privacy-statement-sv\",\"name\":\"Privacy Statement - SV - Kasvinsuojelututkinto\",\"isPartOf\":{\"@id\":\"https:\\\/\\\/www.kasvinsuojelututkinto.fi\\\/#website\"},\"datePublished\":\"2019-05-06T07:51:57+00:00\",\"dateModified\":\"2019-06-06T17:01:35+00:00\",\"breadcrumb\":{\"@id\":\"https:\\\/\\\/www.kasvinsuojelututkinto.fi\\\/en\\\/privacy-statement-sv#breadcrumb\"},\"inLanguage\":\"en-US\",\"potentialAction\":[{\"@type\":\"ReadAction\",\"target\":[\"https:\\\/\\\/www.kasvinsuojelututkinto.fi\\\/en\\\/privacy-statement-sv\"]}]},{\"@type\":\"BreadcrumbList\",\"@id\":\"https:\\\/\\\/www.kasvinsuojelututkinto.fi\\\/en\\\/privacy-statement-sv#breadcrumb\",\"itemListElement\":[{\"@type\":\"ListItem\",\"position\":1,\"name\":\"Etusivu\",\"item\":\"https:\\\/\\\/www.kasvinsuojelututkinto.fi\\\/en\"},{\"@type\":\"ListItem\",\"position\":2,\"name\":\"Privacy Statement &#8211; SV\"}]},{\"@type\":\"WebSite\",\"@id\":\"https:\\\/\\\/www.kasvinsuojelututkinto.fi\\\/#website\",\"url\":\"https:\\\/\\\/www.kasvinsuojelututkinto.fi\\\/\",\"name\":\"Kasvinsuojelututkinto\",\"description\":\"\",\"publisher\":{\"@id\":\"https:\\\/\\\/www.kasvinsuojelututkinto.fi\\\/#organization\"},\"potentialAction\":[{\"@type\":\"SearchAction\",\"target\":{\"@type\":\"EntryPoint\",\"urlTemplate\":\"https:\\\/\\\/www.kasvinsuojelututkinto.fi\\\/?s={search_term_string}\"},\"query-input\":{\"@type\":\"PropertyValueSpecification\",\"valueRequired\":true,\"valueName\":\"search_term_string\"}}],\"inLanguage\":\"en-US\"},{\"@type\":\"Organization\",\"@id\":\"https:\\\/\\\/www.kasvinsuojelututkinto.fi\\\/#organization\",\"name\":\"Kasvinsuojelututkinto\",\"url\":\"https:\\\/\\\/www.kasvinsuojelututkinto.fi\\\/\",\"logo\":{\"@type\":\"ImageObject\",\"inLanguage\":\"en-US\",\"@id\":\"https:\\\/\\\/www.kasvinsuojelututkinto.fi\\\/#\\\/schema\\\/logo\\\/image\\\/\",\"url\":\"https:\\\/\\\/www.kasvinsuojelututkinto.fi\\\/wp-content\\\/uploads\\\/2024\\\/07\\\/Logo.svg\",\"contentUrl\":\"https:\\\/\\\/www.kasvinsuojelututkinto.fi\\\/wp-content\\\/uploads\\\/2024\\\/07\\\/Logo.svg\",\"caption\":\"Kasvinsuojelututkinto\"},\"image\":{\"@id\":\"https:\\\/\\\/www.kasvinsuojelututkinto.fi\\\/#\\\/schema\\\/logo\\\/image\\\/\"}}]}<\/script>\n<!-- \/ Yoast SEO plugin. -->","yoast_head_json":{"title":"Privacy Statement - SV - Kasvinsuojelututkinto","robots":{"index":"index","follow":"follow","max-snippet":"max-snippet:-1","max-image-preview":"max-image-preview:large","max-video-preview":"max-video-preview:-1"},"canonical":"https:\/\/www.kasvinsuojelututkinto.fi\/en\/privacy-statement-sv","og_locale":"en_US","og_type":"article","og_title":"Privacy Statement - SV - Kasvinsuojelututkinto","og_description":"Tietosuojaseloste Ab Vi &amp; He Consulting Oy:n asiakasrekisteri\u00e4 koskeva tietosuojaseloste (\u201cTietosuojaseloste\u201d) P\u00e4ivitetty 7.6.2019 1. Yleist\u00e4 T\u00e4ll\u00e4 tietosuojaselosteella (\u201cTietosuojaseloste\u201d) annetaan EU:n yleisen tietosuoja-asetuksen (j\u00e4ljemp\u00e4n\u00e4 \u201cTietosuoja-asetus\u201d) sek\u00e4 henkil\u00f6tietolain edellytt\u00e4mi\u00e4 tietoja yht\u00e4\u00e4lt\u00e4 rekister\u00f6idylle eli rekisterinpit\u00e4j\u00e4n asiakkaalle tai henkil\u00f6st\u00f6lle ja toisaalta valvovalle viranomaiselle. 2. Rekisterinpit\u00e4j\u00e4 ja rekisterinpit\u00e4j\u00e4n yhteystiedot Nimi: Ab Vi &amp; He Consulting Oy (\u201cRekisterinpit\u00e4j\u00e4\u201d), y-tunnus: 2769129-4 Postiosoite: [&hellip;]","og_url":"https:\/\/www.kasvinsuojelututkinto.fi\/en\/privacy-statement-sv","og_site_name":"Kasvinsuojelututkinto","article_modified_time":"2019-06-06T17:01:35+00:00","twitter_card":"summary_large_image","twitter_misc":{"Est. reading time":"7 minutes"},"schema":{"@context":"https:\/\/schema.org","@graph":[{"@type":"WebPage","@id":"https:\/\/www.kasvinsuojelututkinto.fi\/en\/privacy-statement-sv","url":"https:\/\/www.kasvinsuojelututkinto.fi\/en\/privacy-statement-sv","name":"Privacy Statement - SV - Kasvinsuojelututkinto","isPartOf":{"@id":"https:\/\/www.kasvinsuojelututkinto.fi\/#website"},"datePublished":"2019-05-06T07:51:57+00:00","dateModified":"2019-06-06T17:01:35+00:00","breadcrumb":{"@id":"https:\/\/www.kasvinsuojelututkinto.fi\/en\/privacy-statement-sv#breadcrumb"},"inLanguage":"en-US","potentialAction":[{"@type":"ReadAction","target":["https:\/\/www.kasvinsuojelututkinto.fi\/en\/privacy-statement-sv"]}]},{"@type":"BreadcrumbList","@id":"https:\/\/www.kasvinsuojelututkinto.fi\/en\/privacy-statement-sv#breadcrumb","itemListElement":[{"@type":"ListItem","position":1,"name":"Etusivu","item":"https:\/\/www.kasvinsuojelututkinto.fi\/en"},{"@type":"ListItem","position":2,"name":"Privacy Statement &#8211; SV"}]},{"@type":"WebSite","@id":"https:\/\/www.kasvinsuojelututkinto.fi\/#website","url":"https:\/\/www.kasvinsuojelututkinto.fi\/","name":"Kasvinsuojelututkinto","description":"","publisher":{"@id":"https:\/\/www.kasvinsuojelututkinto.fi\/#organization"},"potentialAction":[{"@type":"SearchAction","target":{"@type":"EntryPoint","urlTemplate":"https:\/\/www.kasvinsuojelututkinto.fi\/?s={search_term_string}"},"query-input":{"@type":"PropertyValueSpecification","valueRequired":true,"valueName":"search_term_string"}}],"inLanguage":"en-US"},{"@type":"Organization","@id":"https:\/\/www.kasvinsuojelututkinto.fi\/#organization","name":"Kasvinsuojelututkinto","url":"https:\/\/www.kasvinsuojelututkinto.fi\/","logo":{"@type":"ImageObject","inLanguage":"en-US","@id":"https:\/\/www.kasvinsuojelututkinto.fi\/#\/schema\/logo\/image\/","url":"https:\/\/www.kasvinsuojelututkinto.fi\/wp-content\/uploads\/2024\/07\/Logo.svg","contentUrl":"https:\/\/www.kasvinsuojelututkinto.fi\/wp-content\/uploads\/2024\/07\/Logo.svg","caption":"Kasvinsuojelututkinto"},"image":{"@id":"https:\/\/www.kasvinsuojelututkinto.fi\/#\/schema\/logo\/image\/"}}]}},"_links":{"self":[{"href":"https:\/\/www.kasvinsuojelututkinto.fi\/en\/wp-json\/wp\/v2\/pages\/12","targetHints":{"allow":["GET"]}}],"collection":[{"href":"https:\/\/www.kasvinsuojelututkinto.fi\/en\/wp-json\/wp\/v2\/pages"}],"about":[{"href":"https:\/\/www.kasvinsuojelututkinto.fi\/en\/wp-json\/wp\/v2\/types\/page"}],"author":[{"embeddable":true,"href":"https:\/\/www.kasvinsuojelututkinto.fi\/en\/wp-json\/wp\/v2\/users\/1"}],"replies":[{"embeddable":true,"href":"https:\/\/www.kasvinsuojelututkinto.fi\/en\/wp-json\/wp\/v2\/comments?post=12"}],"version-history":[{"count":0,"href":"https:\/\/www.kasvinsuojelututkinto.fi\/en\/wp-json\/wp\/v2\/pages\/12\/revisions"}],"wp:attachment":[{"href":"https:\/\/www.kasvinsuojelututkinto.fi\/en\/wp-json\/wp\/v2\/media?parent=12"}],"curies":[{"name":"wp","href":"https:\/\/api.w.org\/{rel}","templated":true}]}}